{"id":640,"date":"2019-10-09T13:57:50","date_gmt":"2019-10-09T13:57:50","guid":{"rendered":"https:\/\/sahdes.org\/?page_id=640"},"modified":"2019-10-28T14:28:23","modified_gmt":"2019-10-28T14:28:23","slug":"why-choose-me-5-2","status":"publish","type":"page","link":"https:\/\/sahdes.org\/?page_id=640","title":{"rendered":"PotenciaMOS"},"content":{"rendered":"\n\t<h1>\n\t\t\t\t\tPotenciaMOS\n\t\t\t\t<\/h1>\n\t<h2>\n\t\t\t\t\tObjetivos:\n\t\t\t\t<\/h2>\n<p>Capacitamos a mujeres en oficios para que puedan lograr emprendimientos sostenibles, fortaleciendo saberes y creando nuevos en talleres grupales.<\/p>\n<p>Nuestras acciones est\u00e1n orientadas a trabajar desde la promoci\u00f3n de la salud en su concepto m\u00e1s integral y dentro de los prop\u00f3sitos del Desarrollo Humano. Dentro de cada comunidad encontramos mujeres con ganas de progresar pero sin saber c\u00f3mo, ocupadas generalmente en la crianza de sus hijos\/as desde muy j\u00f3venes y en las tareas dom\u00e9sticas, sin estudios y con escasas oportunidades para el trabajo formal.<\/p>\n<p>Con este programa buscamos empoderar a esas mujeres, ofrecerles alternativas, ser viabilizadores de oportunidades donde, en forma individual pero trabajando en grupo, puedan descubrir y desarrollar sus talentos y potencialidades.<\/p>\n<p>Creemos que <em>\u201cel Desarrollo Humano supone la expresi\u00f3n de la libertad de las personas para vivir una vida prolongada, saludable y creativa; perseguir objetivos que ellas mismas consideren valorables; y participar activamente en el desarrollo sostenible y equitativo del planeta que comparten. Las personas son las beneficiarias e impulsoras del desarrollo humano, ya sea como individuos o en forma grupal.\u201d<\/em><\/p>\n<p>Adem\u00e1s de aprender oficios, las mujeres reciben capacitaci\u00f3n en temas b\u00e1sicos de negocios y aprenden a comercializar desde el inicio. Los talleres son, adem\u00e1s, espacios de encuentro donde circulan saberes e historias personales compartidas que generan empat\u00eda y confianza mutua.<\/p>\n<p>Para lograrlo, trabajamos junto a empresas que promueven un modelo de negocio inclusivo y con precio justo.<\/p>\n ","protected":false},"excerpt":{"rendered":"<p>PotenciaMOS Objetivos: Capacitamos a mujeres en oficios para que puedan lograr emprendimientos sostenibles, fortaleciendo saberes y creando nuevos en talleres grupales. Nuestras acciones est\u00e1n orientadas a trabajar desde la promoci\u00f3n de la salud en su concepto m\u00e1s integral y dentro de los prop\u00f3sitos del Desarrollo Humano. Dentro de cada comunidad encontramos mujeres con ganas de &hellip;<\/p>\n<p class=\"read-more\"> <a class=\"\" href=\"https:\/\/sahdes.org\/?page_id=640\"> <span class=\"screen-reader-text\">PotenciaMOS<\/span> Leer m\u00e1s &raquo;<\/a><\/p>\n","protected":false},"author":1,"featured_media":0,"parent":0,"menu_order":0,"comment_status":"closed","ping_status":"closed","template":"","meta":[],"_links":{"self":[{"href":"https:\/\/sahdes.org\/index.php?rest_route=\/wp\/v2\/pages\/640"}],"collection":[{"href":"https:\/\/sahdes.org\/index.php?rest_route=\/wp\/v2\/pages"}],"about":[{"href":"https:\/\/sahdes.org\/index.php?rest_route=\/wp\/v2\/types\/page"}],"author":[{"embeddable":true,"href":"https:\/\/sahdes.org\/index.php?rest_route=\/wp\/v2\/users\/1"}],"replies":[{"embeddable":true,"href":"https:\/\/sahdes.org\/index.php?rest_route=%2Fwp%2Fv2%2Fcomments&post=640"}],"version-history":[{"count":11,"href":"https:\/\/sahdes.org\/index.php?rest_route=\/wp\/v2\/pages\/640\/revisions"}],"predecessor-version":[{"id":854,"href":"https:\/\/sahdes.org\/index.php?rest_route=\/wp\/v2\/pages\/640\/revisions\/854"}],"wp:attachment":[{"href":"https:\/\/sahdes.org\/index.php?rest_route=%2Fwp%2Fv2%2Fmedia&parent=640"}],"curies":[{"name":"wp","href":"https:\/\/api.w.org\/{rel}","templated":true}]}}