{"id":637,"date":"2019-10-09T13:53:56","date_gmt":"2019-10-09T13:53:56","guid":{"rendered":"https:\/\/sahdes.org\/?page_id=637"},"modified":"2020-03-30T14:59:13","modified_gmt":"2020-03-30T14:59:13","slug":"why-choose-me-5","status":"publish","type":"page","link":"https:\/\/sahdes.org\/?page_id=637","title":{"rendered":"Crianza en Red"},"content":{"rendered":"\n\t<h1>\n\t\t\t\t\tCrianza en Red\n\t\t\t\t<\/h1>\n\t<h2>\n\t\t\t\t\tObjetivos:\n\t\t\t\t<\/h2>\n<p>Crianza en Red es un espacio con talleres para las familias y estimulaci\u00f3n temprana para ni\u00f1os y ni\u00f1as en simult\u00e1neo. Trabajamos junto a la Direcci\u00f3n de NI\u00f1ez, G\u00e9nero y Diversidad Sexual de Pilar, la Direcci\u00f3n de Prevenci\u00f3n de Adicciones, Direcci\u00f3n de Servicios Sociales, la Secretar\u00eda de Salud (a trav\u00e9s del Centro de Atenci\u00f3n Primaria local) y Fundaci\u00f3n Pibes, en la Parroquia Nuestra Se\u00f1ora de las Gracias del barrio Peruzzotti, Pilar.<\/p>\n<p>El programa naci\u00f3 como una posible respuesta a la preocupaci\u00f3n compartida por el cierre de salas de 3 en los jardines del Municipio de Pilar, y ante la necesidad de dar continuidad a nuestro programa\u00a0<a href=\"https:\/\/sahdes.org\/?page_id=250\">M\u00f3dulo de Acompa\u00f1amiento Materno Infantil<\/a>\u00a0(MAMI). Con el mismo formato de talleres y participaci\u00f3n de las familias, pero sumando un espacio de juego para ni\u00f1as y ni\u00f1os de 6 meses a 3 a\u00f1os, creamos en conjunto este espacio que consideramos fundamental para el desarrollo durante la primera infancia.<\/p>\n<p>Crianza en Red ofrece a las madres y cuidadores herramientas pr\u00e1cticas para la crianza saludable de los ni\u00f1os. Es un espacio grupal donde se comparten herramientas para reflexionar junto a otros, compartir experiencias, miedos, dudas, alegr\u00edas e informaci\u00f3n. Pero tambi\u00e9n brinda un espacio espec\u00edfico para los ni\u00f1os y las ni\u00f1as que no tienen espacio de juego en sus hogares, o todav\u00eda no est\u00e1n escolarizados, o lo est\u00e1n pero necesitan m\u00e1s estimulaci\u00f3n desde lo corporal y cognitivo. El hacer que ambos espacios se realicen de manera simult\u00e1nea, permite que tanto los peque\u00f1os como las personas adultas (fundamentalmente madres y abuelas) cuenten con un espacio propio.<\/p>\nLos talleres abordan una amplia variedad de tem\u00e1ticas, y por eso el trabajo interdisciplinario:<br \/>\n\u2022 Lactancia y cuidados del reci\u00e9n nacido<br \/>\n\u2022 H\u00e1bitos de alimentaci\u00f3n saludable para grandes y chicos<br \/>\n\u2022 Riesgos y consecuencias del consumo de sustancias psicoactivas en el embarazo y la lactancia.<br \/>\n\u2022 La importancia de poner normas y l\u00edmites.<br \/>\n\u2022 Diferentes tipos de comunicaci\u00f3n con ni\u00f1as y ni\u00f1os<br \/>\n\u2022 La teor\u00eda del apego. Reconsiderar la importancia de la expresi\u00f3n de sentimientos en el \u00e1mbito familiar.<br \/>\n\u2022 Diversidad de infancias.<br \/>\n\u2022 Violencia y abusos en la infancia.\n\t\t\t\t<img loading=\"lazy\" src=\"https:\/\/sahdes.org\/wp-content\/uploads\/2020\/03\/IMG_0184-1024x637.jpg\" alt=\"IMG_0184\" itemprop=\"image\" height=\"637\" width=\"1024\" title=\"IMG_0184\" onerror=\"this.style.display='none'\"  \/>\n\t\t\t\t<img loading=\"lazy\" src=\"https:\/\/sahdes.org\/wp-content\/uploads\/2020\/03\/PHOTO-2019-08-29-16-14-14-1.jpg\" alt=\"PHOTO-2019-08-29-16-14-14\" itemprop=\"image\" height=\"960\" width=\"1280\" title=\"PHOTO-2019-08-29-16-14-14\" onerror=\"this.style.display='none'\"  \/>\n\t\t\t\t<img loading=\"lazy\" src=\"https:\/\/sahdes.org\/wp-content\/uploads\/2020\/03\/Cierre-CR-20191-74-bis.jpg\" alt=\"Cierre CR 20191 (74) bis\" itemprop=\"image\" height=\"903\" width=\"960\" title=\"Cierre CR 20191 (74) bis\" onerror=\"this.style.display='none'\"  \/>\n\t\t\t\t<img loading=\"lazy\" src=\"https:\/\/sahdes.org\/wp-content\/uploads\/2020\/03\/PHOTO-2019-09-19-15-42-23.jpg\" alt=\"PHOTO-2019-09-19-15-42-23\" itemprop=\"image\" height=\"960\" width=\"1280\" title=\"PHOTO-2019-09-19-15-42-23\" onerror=\"this.style.display='none'\"  \/>\n ","protected":false},"excerpt":{"rendered":"<p>Crianza en Red Objetivos: Crianza en Red es un espacio con talleres para las familias y estimulaci\u00f3n temprana para ni\u00f1os y ni\u00f1as en simult\u00e1neo. Trabajamos junto a la Direcci\u00f3n de NI\u00f1ez, G\u00e9nero y Diversidad Sexual de Pilar, la Direcci\u00f3n de Prevenci\u00f3n de Adicciones, Direcci\u00f3n de Servicios Sociales, la Secretar\u00eda de Salud (a trav\u00e9s del Centro &hellip;<\/p>\n<p class=\"read-more\"> <a class=\"\" href=\"https:\/\/sahdes.org\/?page_id=637\"> <span class=\"screen-reader-text\">Crianza en Red<\/span> Leer m\u00e1s &raquo;<\/a><\/p>\n","protected":false},"author":1,"featured_media":0,"parent":0,"menu_order":0,"comment_status":"closed","ping_status":"closed","template":"","meta":[],"_links":{"self":[{"href":"https:\/\/sahdes.org\/index.php?rest_route=\/wp\/v2\/pages\/637"}],"collection":[{"href":"https:\/\/sahdes.org\/index.php?rest_route=\/wp\/v2\/pages"}],"about":[{"href":"https:\/\/sahdes.org\/index.php?rest_route=\/wp\/v2\/types\/page"}],"author":[{"embeddable":true,"href":"https:\/\/sahdes.org\/index.php?rest_route=\/wp\/v2\/users\/1"}],"replies":[{"embeddable":true,"href":"https:\/\/sahdes.org\/index.php?rest_route=%2Fwp%2Fv2%2Fcomments&post=637"}],"version-history":[{"count":18,"href":"https:\/\/sahdes.org\/index.php?rest_route=\/wp\/v2\/pages\/637\/revisions"}],"predecessor-version":[{"id":904,"href":"https:\/\/sahdes.org\/index.php?rest_route=\/wp\/v2\/pages\/637\/revisions\/904"}],"wp:attachment":[{"href":"https:\/\/sahdes.org\/index.php?rest_route=%2Fwp%2Fv2%2Fmedia&parent=637"}],"curies":[{"name":"wp","href":"https:\/\/api.w.org\/{rel}","templated":true}]}}