{"id":573,"date":"2019-10-01T22:29:03","date_gmt":"2019-10-01T22:29:03","guid":{"rendered":"https:\/\/sahdes.org\/?page_id=573"},"modified":"2021-06-10T19:00:43","modified_gmt":"2021-06-10T19:00:43","slug":"about-2-2","status":"publish","type":"page","link":"https:\/\/sahdes.org\/?page_id=573","title":{"rendered":"Misi\u00f3n-Visi\u00f3n"},"content":{"rendered":"\n\n\t<h1>\n\t\t\t\t\tMisi\u00f3n-Visi\u00f3n\n\t\t\t\t<\/h1>\n\tSahdes es una Asociaci\u00f3n Civil sin fines de lucro que naci\u00f3 en 2003, integrada por un equipo interdisciplinario de trabajo, que se propone contribuir al desarrollo y la equidad en comunidades vulnerables, con foco en la mejora de la salud materno-infantil, e incidir en pol\u00edticas p\u00fablicas de salud.<br \/>\nSe basa en el concepto de salud positiva centrada en los condicionantes sociales, econ\u00f3micos, culturales, educativos, y de h\u00e1bitat, m\u00e1s que en una cuesti\u00f3n estrictamente m\u00e9dica. El lema que anima la misi\u00f3n es \u00abnuestra salud depende, en gran medida, de nosotros mismos y del medio donde vivimos\u00bb.<br \/>\nNuestra MISION es \u00abpromover y estimular el autocuidado responsable de la salud -entendida como un concepto social, pol\u00edtico y cultural- y la mejora continua de la Atenci\u00f3n Primaria de la Salud\u00bb.\n\t\t\t\t<img src=\"https:\/\/sahdes.org\/wp-content\/uploads\/2019\/09\/6.jpg\" alt=\"6\" itemprop=\"image\"\/>\n\t<h4>Nos acompa\u00f1an:<\/h4>\n\t\n\n ","protected":false},"excerpt":{"rendered":"<p>Misi\u00f3n-Visi\u00f3n Sahdes es una Asociaci\u00f3n Civil sin fines de lucro que naci\u00f3 en 2003, integrada por un equipo interdisciplinario de trabajo, que se propone contribuir al desarrollo y la equidad en comunidades vulnerables, con foco en la mejora de la salud materno-infantil, e incidir en pol\u00edticas p\u00fablicas de salud. Se basa en el concepto de &hellip;<\/p>\n<p class=\"read-more\"> <a class=\"\" href=\"https:\/\/sahdes.org\/?page_id=573\"> <span class=\"screen-reader-text\">Misi\u00f3n-Visi\u00f3n<\/span> Leer m\u00e1s &raquo;<\/a><\/p>\n","protected":false},"author":1,"featured_media":0,"parent":0,"menu_order":0,"comment_status":"closed","ping_status":"closed","template":"","meta":[],"_links":{"self":[{"href":"https:\/\/sahdes.org\/index.php?rest_route=\/wp\/v2\/pages\/573"}],"collection":[{"href":"https:\/\/sahdes.org\/index.php?rest_route=\/wp\/v2\/pages"}],"about":[{"href":"https:\/\/sahdes.org\/index.php?rest_route=\/wp\/v2\/types\/page"}],"author":[{"embeddable":true,"href":"https:\/\/sahdes.org\/index.php?rest_route=\/wp\/v2\/users\/1"}],"replies":[{"embeddable":true,"href":"https:\/\/sahdes.org\/index.php?rest_route=%2Fwp%2Fv2%2Fcomments&post=573"}],"version-history":[{"count":11,"href":"https:\/\/sahdes.org\/index.php?rest_route=\/wp\/v2\/pages\/573\/revisions"}],"predecessor-version":[{"id":1240,"href":"https:\/\/sahdes.org\/index.php?rest_route=\/wp\/v2\/pages\/573\/revisions\/1240"}],"wp:attachment":[{"href":"https:\/\/sahdes.org\/index.php?rest_route=%2Fwp%2Fv2%2Fmedia&parent=573"}],"curies":[{"name":"wp","href":"https:\/\/api.w.org\/{rel}","templated":true}]}}