{"id":571,"date":"2019-10-01T22:12:11","date_gmt":"2019-10-01T22:12:11","guid":{"rendered":"https:\/\/sahdes.org\/?page_id=571"},"modified":"2021-06-10T18:55:34","modified_gmt":"2021-06-10T18:55:34","slug":"about-2","status":"publish","type":"page","link":"https:\/\/sahdes.org\/?page_id=571","title":{"rendered":"Historia"},"content":{"rendered":"\n\n\t<h1>\n\t\t\t\t\tHistoria\n\t\t\t\t<\/h1>\n\t<p>En septiembre de 2003, en medio de la crisis econ\u00f3mica, un grupo de m\u00e9dicos amigos pisaba por primera vez el Barrio Santa Ana en Pilar, Gran Buenos Aires, para medir y pesar a unos 100 chicos que asist\u00edan a un comedor. Luego fueron al Barrio Pinazo, tambi\u00e9n en Pilar, para hacer un relevamiento de j\u00f3venes embarazadas no detectadas y derivarlas para su atenci\u00f3n al Centro de\u00a0 Atenci\u00f3n Primaria cercano.<\/p>\n<p>Convencidos de que la mejor manera de prevenir enfermedades y detectar dificultades de manera temprana era formando Promotores\/as Comunitarios\/as de Salud, firmaron un convenio con la Secretar\u00eda de Salud de Pilar que se mantiene hasta hoy. As\u00ed recorrieron otros barrios como Santa Teresa, San Cayetano, Manuel Alberti, Derqui, Toro y Monterrey. Hicieron campa\u00f1as contra la hepatitis A, relevamiento de hipertensi\u00f3n, y detecci\u00f3n de familias en riesgo socio-sanitario.<\/p>\n\n<p>Se sumaron profesionales de otras disciplinas y se fueron enriqueciendo las intervenciones. En 2008 llegamos a la zona norte de Pilar (Ir\u00edzar, F\u00e1tima, Rio Lujan y Manzanares), donde se trabaj\u00f3 en escuelas primarias, secundarias y jard\u00edn de infantes hasta 2012, con talleres de periodismo y teatro para abordar H\u00e1bitos Saludables, Nutrici\u00f3n, Medio Ambiente y Educaci\u00f3n Sexual. Se hicieron charlas con m\u00e9dicos especialistas, se mejor\u00f3 la vacunaci\u00f3n de los chicos y se realiz\u00f3 el primer curso de promotoras.<\/p>\n<p>As\u00ed naci\u00f3 el programa\u00a0\u00abX pibes sanos y Nutri2\u00bb que recorri\u00f3 26 escuelas p\u00fablicas de Pilar y 20 comedores de Tigre y San Fernando, generando kioscos saludables y otras iniciativas en diferentes barrios. Tambi\u00e9n el programa \u00abHablemos de sexualidad\u00bb con talleres participativos para escuelas y centros comunitarios, y en 2011 naci\u00f3\u00a0MAMI\u00a0(M\u00f3dulo de Acompa\u00f1amiento Materno Infantil), para formar mujeres acompa\u00f1antes de embarazadas en situaci\u00f3n de vulnerabilidad, alcanzando nuevos barrios como Villa Verde, Peruzzotti, San Alejo, La Lomita y Toro. Luego Crianza en Red, con talleres para familias y espacio de juego para los\/as ni\u00f1os\/as, y PotenciaMOS, para ofrecer oportunidades de capacitaci\u00f3n a mujeres, que comenzamos en 2018 en Ciudad de Buenos Aires.<\/p>\n<p>Desde 2006, trabajamos tambi\u00e9n en Quilmes, relevando el estado y funcionamiento de 14 centros de salud, participando en la mejora del h\u00e1bitat, y en el Programa CREES-Icotea junto a la Universidad de Quilmes, asesorando Empresas Sociales en el \u00e1rea de salud.<\/p>\n<p>Adem\u00e1s, realizamos en Santiago del Estero un programa de mejora en el acceso al agua, y en escuelas secundarias de San Fernando. Y capacitaciones en Nutrici\u00f3n y V\u00ednculos en Espacios de Primera Infancia en C\u00f3rdoba y Entre R\u00edos.<\/p>\n<p>Con el apoyo de Ashoka, Avina, Fundaci\u00f3n Navarro Viola, empresas y alianzas con universidades, organizaciones sociales, y Estado, en estos a\u00f1os llegamos a <strong>5000 familias<\/strong> de manera directa, formamos <strong>500 promotores\/as<\/strong> y m\u00e1s de <strong>6000 ni\u00f1os y adolescentes<\/strong> asistieron a nuestros talleres.<\/p>\n<p>\u00a1Gracias a todos los que nos acompa\u00f1aron y nos siguen acompa\u00f1ando!<\/p>\n<p>Te invitamos a que te sumes\u00a0para que podamos ser cada vez m\u00e1s, extendiendo nuestros programas a m\u00e1s familias.<\/p>\n<p>Como siempre decimos, LA SALUD EMPIEZA POR CASA.<\/p>\n\t\t\t\t<img src=\"https:\/\/sahdes.org\/wp-content\/uploads\/2019\/10\/nueva6.jpg\" alt=\"nueva6\" itemprop=\"image\"\/>\n\t<h4>Nos acompa\u00f1an:<\/h4>\n\t\n\n ","protected":false},"excerpt":{"rendered":"<p>Historia En septiembre de 2003, en medio de la crisis econ\u00f3mica, un grupo de m\u00e9dicos amigos pisaba por primera vez el Barrio Santa Ana en Pilar, Gran Buenos Aires, para medir y pesar a unos 100 chicos que asist\u00edan a un comedor. Luego fueron al Barrio Pinazo, tambi\u00e9n en Pilar, para hacer un relevamiento de &hellip;<\/p>\n<p class=\"read-more\"> <a class=\"\" href=\"https:\/\/sahdes.org\/?page_id=571\"> <span class=\"screen-reader-text\">Historia<\/span> Leer m\u00e1s &raquo;<\/a><\/p>\n","protected":false},"author":1,"featured_media":0,"parent":0,"menu_order":0,"comment_status":"closed","ping_status":"closed","template":"","meta":[],"_links":{"self":[{"href":"https:\/\/sahdes.org\/index.php?rest_route=\/wp\/v2\/pages\/571"}],"collection":[{"href":"https:\/\/sahdes.org\/index.php?rest_route=\/wp\/v2\/pages"}],"about":[{"href":"https:\/\/sahdes.org\/index.php?rest_route=\/wp\/v2\/types\/page"}],"author":[{"embeddable":true,"href":"https:\/\/sahdes.org\/index.php?rest_route=\/wp\/v2\/users\/1"}],"replies":[{"embeddable":true,"href":"https:\/\/sahdes.org\/index.php?rest_route=%2Fwp%2Fv2%2Fcomments&post=571"}],"version-history":[{"count":12,"href":"https:\/\/sahdes.org\/index.php?rest_route=\/wp\/v2\/pages\/571\/revisions"}],"predecessor-version":[{"id":1237,"href":"https:\/\/sahdes.org\/index.php?rest_route=\/wp\/v2\/pages\/571\/revisions\/1237"}],"wp:attachment":[{"href":"https:\/\/sahdes.org\/index.php?rest_route=%2Fwp%2Fv2%2Fmedia&parent=571"}],"curies":[{"name":"wp","href":"https:\/\/api.w.org\/{rel}","templated":true}]}}