{"id":459,"date":"2019-09-20T17:53:29","date_gmt":"2019-09-20T17:53:29","guid":{"rendered":"https:\/\/sahdes.org\/?page_id=459"},"modified":"2019-10-28T14:29:58","modified_gmt":"2019-10-28T14:29:58","slug":"why-choose-me-4","status":"publish","type":"page","link":"https:\/\/sahdes.org\/?page_id=459","title":{"rendered":"Observatorio de la Econom\u00eda Social y Solidario"},"content":{"rendered":"\n\t<h1>\n\t\t\t\t\tObservatorio de la Econom\u00eda Social y Solidario\n\t\t\t\t<\/h1>\n\t<h2>\n\t\t\t\t\tObjetivos:\n\t\t\t\t<\/h2>\n<p><b>Contribuir al desarrollo de las estrategias y experiencias de empresas sociales en Argentina.<\/b><\/p>\n<p>Colabora con la formaci\u00f3n, el acompa\u00f1amiento t\u00e9cnico y estudios sobre el sector, fortaleciendo el trabajo de extensi\u00f3n universitaria en la tem\u00e1tica de empresas sociales y Salud que se viene desarrollando desde la Universidad Nacional de Quilmes.<\/p>\n<p>Sahdes participa en este espacio que forma parte del Programa Crees-Icotea, destinado a empresas sociales formadas o en formaci\u00f3n vinculadas al sector salud y comunitario, copart\u00edcipes del proyecto y sus integrantes, que est\u00e1n impulsando la econom\u00eda social en el sur del Area Metropolitana de Buenos Aires. As\u00ed se beneficia, indirectamente, el conjunto de la poblaci\u00f3n donde trabajan dichas organizaciones, b\u00e1sicamente sectores populares y clase media baja que han atravesado o atraviesan de manera regular dificultades de empleo, precariedad laboral y bajos ingresos.<\/p>\n ","protected":false},"excerpt":{"rendered":"<p>Observatorio de la Econom\u00eda Social y Solidario Objetivos: Contribuir al desarrollo de las estrategias y experiencias de empresas sociales en Argentina. Colabora con la formaci\u00f3n, el acompa\u00f1amiento t\u00e9cnico y estudios sobre el sector, fortaleciendo el trabajo de extensi\u00f3n universitaria en la tem\u00e1tica de empresas sociales y Salud que se viene desarrollando desde la Universidad Nacional &hellip;<\/p>\n<p class=\"read-more\"> <a class=\"\" href=\"https:\/\/sahdes.org\/?page_id=459\"> <span class=\"screen-reader-text\">Observatorio de la Econom\u00eda Social y Solidario<\/span> Leer m\u00e1s &raquo;<\/a><\/p>\n","protected":false},"author":1,"featured_media":0,"parent":0,"menu_order":0,"comment_status":"closed","ping_status":"closed","template":"","meta":[],"_links":{"self":[{"href":"https:\/\/sahdes.org\/index.php?rest_route=\/wp\/v2\/pages\/459"}],"collection":[{"href":"https:\/\/sahdes.org\/index.php?rest_route=\/wp\/v2\/pages"}],"about":[{"href":"https:\/\/sahdes.org\/index.php?rest_route=\/wp\/v2\/types\/page"}],"author":[{"embeddable":true,"href":"https:\/\/sahdes.org\/index.php?rest_route=\/wp\/v2\/users\/1"}],"replies":[{"embeddable":true,"href":"https:\/\/sahdes.org\/index.php?rest_route=%2Fwp%2Fv2%2Fcomments&post=459"}],"version-history":[{"count":7,"href":"https:\/\/sahdes.org\/index.php?rest_route=\/wp\/v2\/pages\/459\/revisions"}],"predecessor-version":[{"id":857,"href":"https:\/\/sahdes.org\/index.php?rest_route=\/wp\/v2\/pages\/459\/revisions\/857"}],"wp:attachment":[{"href":"https:\/\/sahdes.org\/index.php?rest_route=%2Fwp%2Fv2%2Fmedia&parent=459"}],"curies":[{"name":"wp","href":"https:\/\/api.w.org\/{rel}","templated":true}]}}