{"id":431,"date":"2019-09-20T17:21:07","date_gmt":"2019-09-20T17:21:07","guid":{"rendered":"https:\/\/sahdes.org\/?page_id=431"},"modified":"2019-10-28T14:29:30","modified_gmt":"2019-10-28T14:29:30","slug":"why-choose-me-3","status":"publish","type":"page","link":"https:\/\/sahdes.org\/?page_id=431","title":{"rendered":"Hablemos de sexualidad"},"content":{"rendered":"\n\t<h1>\n\t\t\t\t\tHablemos de sexualidad\n\t\t\t\t<\/h1>\n\t<h2>\n\t\t\t\t\tObjetivos:\n\t\t\t\t<\/h2>\n<p>\u2022 Mejorar la calidad de la informaci\u00f3n y la reflexi\u00f3n sobre sexualidad como concepto integral en j\u00f3venes, adolescentes y adultos\/as (deshacer mitos y liberar la sexualidad como tema tab\u00fa, trabajar sobre los derechos, deseos y proyectos de vida)<\/p>\n<p>\u2022 Fortalecer el trabajo conjunto entre la escuela, organizaciones barriales y centros de salud.<\/p>\n\u2022 Brindamos talleres en escuelas primarias, secundarias y centros comunitarios que ofrecen un espacio de reflexi\u00f3n sobre la sexualidad desde una concepci\u00f3n integral, y busca formar promotores barriales en la tem\u00e1tica. A trav\u00e9s del juego y el arte, intercambiamos informaci\u00f3n, deshacemos mitos, y debatimos sobre roles y derechos, intentando abrir un camino hacia un proyecto de vida por elecci\u00f3n.<br \/>\nCada taller, que consta de varios encuentros, es coordinado por profesionales de Sahdes, equipo de profesionales de los centros de salud, y promotores comunitarios de salud locales (incluyendo las acompa\u00f1antes que integran nuestro programa MAMI).<br \/>\nRealizamos el taller en 15 escuelas secundarias, 2 primarias y 2 centros comunitarios del Municipio de Pilar.\n<!--https:\/\/stackoverflow.com\/questions\/34430211\/how-to-show-only-4-slides-in-a-row-using-bxslider-->\n\t\t\t\t\t\t\t\t\t<a href='' title='' target='_self' rel='noopener noreferrer'><img src='https:\/\/sahdes.org\/wp-content\/uploads\/2019\/09\/1-5.jpg' width='934' height='683' alt=''><\/a>\t\t\t\t\t\t\t\t\t<a href='' title='' target='_self' rel='noopener noreferrer'><img src='https:\/\/sahdes.org\/wp-content\/uploads\/2019\/09\/2-4.jpg' width='934' height='683' alt=''><\/a>\t\t\t\t\t\t\t\t\t<a href='' title='' target='_self' rel='noopener noreferrer'><img src='https:\/\/sahdes.org\/wp-content\/uploads\/2019\/09\/3-2.jpg' width='934' height='683' alt=''><\/a>\t\t\t\t\t\t\t\t\t<a href='' title='' target='_self' rel='noopener noreferrer'><img src='https:\/\/sahdes.org\/wp-content\/uploads\/2019\/09\/4-4.jpg' width='934' height='683' alt=''><\/a>\t\t\t\t\t\t\t\t\t<a href='' title='' target='_self' rel='noopener noreferrer'><img src='https:\/\/sahdes.org\/wp-content\/uploads\/2019\/09\/5-3.jpg' width='934' height='683' alt=''><\/a>\t\t\t\t\t\t\t\t\t<a href='' title='' target='_self' rel='noopener noreferrer'><img src='https:\/\/sahdes.org\/wp-content\/uploads\/2019\/09\/6-5.jpg' width='934' height='683' alt=''><\/a>\t\t\t\t\t\t\t\t\t<a href='' title='' target='_self' rel='noopener noreferrer'><img src='https:\/\/sahdes.org\/wp-content\/uploads\/2019\/09\/7-2.jpg' width='934' height='683' alt=''><\/a>\t\t\t\t\t\t\t\t\t<a href='' title='' target='_self' rel='noopener noreferrer'><img src='https:\/\/sahdes.org\/wp-content\/uploads\/2019\/09\/8-3.jpg' width='934' height='683' alt=''><\/a>\t\t\t\t\t\t\t\t\t<a href='' title='' target='_self' rel='noopener noreferrer'><img src='https:\/\/sahdes.org\/wp-content\/uploads\/2019\/09\/9-2.jpg' width='934' height='683' alt=''><\/a>\t\t\t\t\t\t\t\t\t<a href='' title='' target='_self' rel='noopener noreferrer'><img src='https:\/\/sahdes.org\/wp-content\/uploads\/2019\/09\/10-2.jpg' width='934' height='683' alt=''><\/a>\t\t\t\t            \n\t<p>Taller con mujeres del barrio Sans Souci, Derqui<\/p>\n\t<p>Hermoso el taller con mujeres del barrio Sans Souci!! Cuatro encuentros donde hablamos de todo y nos divertimos aprendiendo entre todas. Gracias por invitarnos!<\/p>\n<!--https:\/\/stackoverflow.com\/questions\/34430211\/how-to-show-only-4-slides-in-a-row-using-bxslider-->\n\t\t\t\t\t\t\t\t\t<a href='' title='' target='_self' rel='noopener noreferrer'><img src='https:\/\/sahdes.org\/wp-content\/uploads\/2019\/09\/1-6.jpg' width='934' height='683' alt=''><\/a>\t\t\t\t\t\t\t\t\t<a href='' title='' target='_self' rel='noopener noreferrer'><img src='https:\/\/sahdes.org\/wp-content\/uploads\/2019\/09\/2-5.jpg' width='934' height='683' alt=''><\/a>\t\t\t\t\t\t\t\t\t<a href='' title='' target='_self' rel='noopener noreferrer'><img src='https:\/\/sahdes.org\/wp-content\/uploads\/2019\/09\/3-3.jpg' width='934' height='683' alt=''><\/a>\t\t\t\t\t\t\t\t\t<a href='' title='' target='_self' rel='noopener noreferrer'><img src='https:\/\/sahdes.org\/wp-content\/uploads\/2019\/09\/4-5.jpg' width='934' height='683' alt=''><\/a>\t\t\t\t\t\t\t\t\t<a href='' title='' target='_self' rel='noopener noreferrer'><img src='https:\/\/sahdes.org\/wp-content\/uploads\/2019\/09\/5-4.jpg' width='934' height='683' alt=''><\/a>\t\t\t\t\t\t\t\t\t<a href='' title='' target='_self' rel='noopener noreferrer'><img src='https:\/\/sahdes.org\/wp-content\/uploads\/2019\/09\/7-3.jpg' width='934' height='683' alt=''><\/a>\t\t\t\t\t\t\t\t\t<a href='' title='' target='_self' rel='noopener noreferrer'><img src='https:\/\/sahdes.org\/wp-content\/uploads\/2019\/09\/8-4.jpg' width='934' height='683' alt=''><\/a>\t\t\t\t\t\t\t\t\t<a href='' title='' target='_self' rel='noopener noreferrer'><img src='https:\/\/sahdes.org\/wp-content\/uploads\/2019\/09\/9-3.jpg' width='934' height='683' alt=''><\/a>\t\t\t\t\t\t\t\t\t<a href='' title='' target='_self' rel='noopener noreferrer'><img src='https:\/\/sahdes.org\/wp-content\/uploads\/2019\/09\/11-1.jpg' width='934' height='683' alt=''><\/a>\t\t\t\t\t\t\t\t\t<a href='' title='' target='_self' rel='noopener noreferrer'><img src='https:\/\/sahdes.org\/wp-content\/uploads\/2019\/09\/6-6.jpg' width='934' height='683' alt=''><\/a>\t\t\t\t            \n\t<p>Taller de Comunicaci\u00f3n Comunitaria en Del Viso<\/p>\n\t<p>Taller de Comunicaci\u00f3n Comunitaria para futuros\/as promotores\/as de salud del Municipio en la Casa de la Cultura de Del Viso. Trabajamos a partir de juegos y ejercicios teatrales. Descubrimos grandes talentos! Gracias por la predisposici\u00f3n y activa participaci\u00f3n.<\/p>\n ","protected":false},"excerpt":{"rendered":"<p>Hablemos de sexualidad Objetivos: \u2022 Mejorar la calidad de la informaci\u00f3n y la reflexi\u00f3n sobre sexualidad como concepto integral en j\u00f3venes, adolescentes y adultos\/as (deshacer mitos y liberar la sexualidad como tema tab\u00fa, trabajar sobre los derechos, deseos y proyectos de vida) \u2022 Fortalecer el trabajo conjunto entre la escuela, organizaciones barriales y centros de &hellip;<\/p>\n<p class=\"read-more\"> <a class=\"\" href=\"https:\/\/sahdes.org\/?page_id=431\"> <span class=\"screen-reader-text\">Hablemos de sexualidad<\/span> Leer m\u00e1s &raquo;<\/a><\/p>\n","protected":false},"author":1,"featured_media":0,"parent":0,"menu_order":0,"comment_status":"closed","ping_status":"closed","template":"","meta":[],"_links":{"self":[{"href":"https:\/\/sahdes.org\/index.php?rest_route=\/wp\/v2\/pages\/431"}],"collection":[{"href":"https:\/\/sahdes.org\/index.php?rest_route=\/wp\/v2\/pages"}],"about":[{"href":"https:\/\/sahdes.org\/index.php?rest_route=\/wp\/v2\/types\/page"}],"author":[{"embeddable":true,"href":"https:\/\/sahdes.org\/index.php?rest_route=\/wp\/v2\/users\/1"}],"replies":[{"embeddable":true,"href":"https:\/\/sahdes.org\/index.php?rest_route=%2Fwp%2Fv2%2Fcomments&post=431"}],"version-history":[{"count":13,"href":"https:\/\/sahdes.org\/index.php?rest_route=\/wp\/v2\/pages\/431\/revisions"}],"predecessor-version":[{"id":856,"href":"https:\/\/sahdes.org\/index.php?rest_route=\/wp\/v2\/pages\/431\/revisions\/856"}],"wp:attachment":[{"href":"https:\/\/sahdes.org\/index.php?rest_route=%2Fwp%2Fv2%2Fmedia&parent=431"}],"curies":[{"name":"wp","href":"https:\/\/api.w.org\/{rel}","templated":true}]}}