{"id":413,"date":"2019-09-20T16:57:22","date_gmt":"2019-09-20T16:57:22","guid":{"rendered":"https:\/\/sahdes.org\/?page_id=413"},"modified":"2019-10-28T14:28:54","modified_gmt":"2019-10-28T14:28:54","slug":"why-choose-me-2","status":"publish","type":"page","link":"https:\/\/sahdes.org\/?page_id=413","title":{"rendered":"X Pibes Sanos y Nutri2"},"content":{"rendered":"\n\t<h1>\n\t\t\t\t\tX Pibes Sanos y Nutri2\n\t\t\t\t<\/h1>\n\t<h2>\n\t\t\t\t\tObjetivos:\n\t\t\t\t<\/h2>\n<p><strong>Difundir h\u00e1bitos saludables para prevenir enfermedades a trav\u00e9s de talleres en escuelas primarias, jardines de infantes y centros comunitarios.<\/strong><\/p>\nConsta de 2 m\u00f3dulos:<br \/>\na) Taller de Nutrici\u00f3n, creado para concientizar a toda la comunidad escolar (chicos\/as, madres\/padres y docentes) acerca de la importancia de la buena alimentaci\u00f3n desde los primeros a\u00f1os de vida. Se propone como taller interactivo donde se brinda informaci\u00f3n sobre la importancia de comer frutas y verduras. Se entrega una gu\u00eda pr\u00e1ctica de consejos y se arma una \u201cfiesta saludable\u201d para que todos prueben, en algunos casos por primera vez, lo bueno y divertido que puede ser comer algo diferente. En muchos casos, las escuelas logran modificar h\u00e1bitos luego del taller, como la incorporaci\u00f3n del \u201ckiosco saludable\u201d.\n<p>b) Obra de teatro \u201cMartina y las bacterias\u201d, disparador para que los chicos (y grandes) reflexionen acerca de los h\u00e1bitos de higiene dentales y lavado de manos a trav\u00e9s del humor, y que los practiquen tanto en la escuela como en sus casas para evitar enfermedades. La obra se complementa con un taller de armado de jab\u00f3n para madres\/padres, chicos\/as y docentes.<\/p>\n<p>El programa recorri\u00f3 30 escuelas del Municipio de Pilar, y 15 centros comunitarios de Tigre y San Fernando.<\/p>\n<!--https:\/\/stackoverflow.com\/questions\/34430211\/how-to-show-only-4-slides-in-a-row-using-bxslider-->\n\t\t\t\t\t\t\t\t\t<a href='' title='' target='_self' rel='noopener noreferrer'><img src='https:\/\/sahdes.org\/wp-content\/uploads\/2019\/09\/8-2.jpg' width='800' height='585' alt=''><\/a>\t\t\t\t\t\t\t\t\t<a href='' title='' target='_self' rel='noopener noreferrer'><img src='https:\/\/sahdes.org\/wp-content\/uploads\/2019\/09\/13-1.jpg' width='800' height='585' alt=''><\/a>\t\t\t\t\t\t\t\t\t<a href='' title='' target='_self' rel='noopener noreferrer'><img src='https:\/\/sahdes.org\/wp-content\/uploads\/2019\/09\/15.jpg' width='800' height='585' alt=''><\/a>\t\t\t\t\t\t\t\t\t<a href='' title='' target='_self' rel='noopener noreferrer'><img src='https:\/\/sahdes.org\/wp-content\/uploads\/2019\/09\/14.jpg' width='800' height='585' alt=''><\/a>\t\t\t\t\t\t\t\t\t<a href='' title='' target='_self' rel='noopener noreferrer'><img src='https:\/\/sahdes.org\/wp-content\/uploads\/2019\/09\/16.jpg' width='800' height='585' alt=''><\/a>\t\t\t\t\t\t\t\t\t<a href='' title='' target='_self' rel='noopener noreferrer'><img src='https:\/\/sahdes.org\/wp-content\/uploads\/2019\/09\/6-4.jpg' width='800' height='585' alt=''><\/a>\t\t\t\t\t\t\t\t\t<a href='' title='' target='_self' rel='noopener noreferrer'><img src='https:\/\/sahdes.org\/wp-content\/uploads\/2019\/09\/5-2.jpg' width='800' height='585' alt=''><\/a>\t\t\t\t\t\t\t\t\t<a href='' title='' target='_self' rel='noopener noreferrer'><img src='https:\/\/sahdes.org\/wp-content\/uploads\/2019\/09\/2-3.jpg' width='800' height='585' alt=''><\/a>\t\t\t\t\t\t\t\t\t<a href='' title='' target='_self' rel='noopener noreferrer'><img src='https:\/\/sahdes.org\/wp-content\/uploads\/2019\/09\/4-3.jpg' width='800' height='585' alt=''><\/a>\t\t\t\t\t\t\t\t\t<a href='' title='' target='_self' rel='noopener noreferrer'><img src='https:\/\/sahdes.org\/wp-content\/uploads\/2019\/09\/1-4.jpg' width='800' height='585' alt=''><\/a>\t\t\t\t            \n\t<p>Foro de Fin de A\u00f1o, 2013<\/p>\n\t<p>As\u00ed festejamos fin de a\u00f1o con todas las escuelas que participaron de los talleres de H\u00e1bitos Saludables y Nutrici\u00f3n. Celebramos los kioscos saludables que quedar\u00e1n y los proyectos nuevos que surgieron despu\u00e9s de nuestro paso por cada instituci\u00f3n. Felicitaciones a las directoras, maestras y a los\/las chicos\/as!<\/p>\n ","protected":false},"excerpt":{"rendered":"<p>X Pibes Sanos y Nutri2 Objetivos: Difundir h\u00e1bitos saludables para prevenir enfermedades a trav\u00e9s de talleres en escuelas primarias, jardines de infantes y centros comunitarios. Consta de 2 m\u00f3dulos: a) Taller de Nutrici\u00f3n, creado para concientizar a toda la comunidad escolar (chicos\/as, madres\/padres y docentes) acerca de la importancia de la buena alimentaci\u00f3n desde los &hellip;<\/p>\n<p class=\"read-more\"> <a class=\"\" href=\"https:\/\/sahdes.org\/?page_id=413\"> <span class=\"screen-reader-text\">X Pibes Sanos y Nutri2<\/span> Leer m\u00e1s &raquo;<\/a><\/p>\n","protected":false},"author":1,"featured_media":0,"parent":0,"menu_order":0,"comment_status":"closed","ping_status":"closed","template":"","meta":[],"_links":{"self":[{"href":"https:\/\/sahdes.org\/index.php?rest_route=\/wp\/v2\/pages\/413"}],"collection":[{"href":"https:\/\/sahdes.org\/index.php?rest_route=\/wp\/v2\/pages"}],"about":[{"href":"https:\/\/sahdes.org\/index.php?rest_route=\/wp\/v2\/types\/page"}],"author":[{"embeddable":true,"href":"https:\/\/sahdes.org\/index.php?rest_route=\/wp\/v2\/users\/1"}],"replies":[{"embeddable":true,"href":"https:\/\/sahdes.org\/index.php?rest_route=%2Fwp%2Fv2%2Fcomments&post=413"}],"version-history":[{"count":11,"href":"https:\/\/sahdes.org\/index.php?rest_route=\/wp\/v2\/pages\/413\/revisions"}],"predecessor-version":[{"id":855,"href":"https:\/\/sahdes.org\/index.php?rest_route=\/wp\/v2\/pages\/413\/revisions\/855"}],"wp:attachment":[{"href":"https:\/\/sahdes.org\/index.php?rest_route=%2Fwp%2Fv2%2Fmedia&parent=413"}],"curies":[{"name":"wp","href":"https:\/\/api.w.org\/{rel}","templated":true}]}}