{"id":250,"date":"2018-08-27T12:17:23","date_gmt":"2018-08-27T12:17:23","guid":{"rendered":"https:\/\/websitedemos.net\/alex19\/?page_id=12"},"modified":"2020-07-24T05:56:47","modified_gmt":"2020-07-24T05:56:47","slug":"why-choose-me","status":"publish","type":"page","link":"https:\/\/sahdes.org\/?page_id=250","title":{"rendered":"MAMI"},"content":{"rendered":"\n<h1>\n\t\t\t\t\tMAMI\n\t\t\t\t<\/h1>\n\t<h1>\n\t\t\t\t\tM\u00f3dulo de Acompa\u00f1amiento Materno Infantil\n\t\t\t\t<\/h1>\n\t<h2>\n\t\t\t\t\tObjetivos:\n\t\t\t\t<\/h2>\n<p>\u2022 Crear un puente entre las embarazadas y el sistema de salud, capacitando mujeres como acompa\u00f1antes de embarazadas en situaci\u00f3n de vulnerabilidad, contribuyendo a mejorar su salud y la de sus beb\u00e9s; empoderar a las mujeres y ofrecerles oportunidades de crecimiento personal.<\/p>\n<p>Sabiendo la importancia del cuidado durante el embarazo, y conociendo la realidad de mujeres que carecen de recursos, est\u00e1n solas, son demasiado j\u00f3venes (45% de las acompa\u00f1adas tienen entre 15 y 18 a\u00f1os, en muchos casos ya con otros hijos), padecen enfermedades, desconocen sus derechos o la necesidad de asistir a la salita por controles, formamos a vecinas para que las acompa\u00f1an desde el 3\u00b0 mes de embarazo hasta los 6 meses de vida del beb\u00e9 luego del parto.<\/p>\n<p>Con manual propio y fuerte seguimiento por parte de Sahdes y los profesionales de centros de salud p\u00fablicos, las acompa\u00f1antes aprenden d\u00eda a d\u00eda y van fortaleciendo su rol de promotoras. El efecto cascada de su formaci\u00f3n es indiscutible: repercute no s\u00f3lo en la familia de las mujeres que acompa\u00f1an sino tambi\u00e9n ellas y su propia familia.<\/p>\n<p>El programa se desarrolla en diferentes&nbsp; barrios de Pilar (prov. Buenos Aires) y Ciudad de Buenos Aires.<\/p>\n\t<p>\u201cHay chicas que necesitan mucho apoyo. Nosotras somos una contenci\u00f3n para ellas. Es muy linda experiencia, me siento como una segunda mam\u00e1. \u201c<\/p>\n\t<p>Virginia Herrera<\/p>\n<h5><\/h5>\n\t<strong>Acompa\u00f1ante barrio<br>\nPeruzzotti.<\/strong>\n\t<p>\u201cEs importante que me acompa\u00f1e en este primer mes de mi hija. A veces necesit\u00e1s, alguien que te de un consejo. Tenerla cerca me da mucha seguridad\u201d<\/p>\n\t<p>Vanesa Ruiz<\/p>\n\t<p><strong>Barrio Peruzzotti.<\/strong><\/p>\n\t<p>\u201cMAMI es muy bueno. Te ayuda a vos, a tus hijos. Te cambia la vida\u201d.<\/p>\n\t<p>Mar\u00eda Duarte<\/p>\n\t<p>Barrio Villa Verde.<\/p>\n\t<iframe title=\"MAMIS (m\u00f3dulo de acompa\u00f1amiento materno-infantil)\" width=\"500\" height=\"281\" src=\"https:\/\/www.youtube.com\/embed\/yvJBpm-nL48?feature=oembed\" frameborder=\"0\" allow=\"accelerometer; autoplay; encrypted-media; gyroscope; picture-in-picture\" allowfullscreen=\"\"><\/iframe>\n\t<iframe title=\"Proyecto MAMI (M\u00f3dulo de Acompa\u00f1amiento Materno Infantil)- Premio Bienal Primera Infancia\" width=\"500\" height=\"281\" src=\"https:\/\/www.youtube.com\/embed\/l7PLlDkDZTQ?feature=oembed\" frameborder=\"0\" allow=\"accelerometer; autoplay; encrypted-media; gyroscope; picture-in-picture\" allowfullscreen=\"\"><\/iframe>\n ","protected":false},"excerpt":{"rendered":"<p>MAMI M\u00f3dulo de Acompa\u00f1amiento Materno Infantil Objetivos: \u2022 Crear un puente entre las embarazadas y el sistema de salud, capacitando mujeres como acompa\u00f1antes de embarazadas en situaci\u00f3n de vulnerabilidad, contribuyendo a mejorar su salud y la de sus beb\u00e9s; empoderar a las mujeres y ofrecerles oportunidades de crecimiento personal. Sabiendo la importancia del cuidado durante &hellip;<\/p>\n<p class=\"read-more\"> <a class=\"\" href=\"https:\/\/sahdes.org\/?page_id=250\"> <span class=\"screen-reader-text\">MAMI<\/span> Leer m\u00e1s &raquo;<\/a><\/p>\n","protected":false},"author":1,"featured_media":0,"parent":0,"menu_order":0,"comment_status":"closed","ping_status":"closed","template":"","meta":[],"_links":{"self":[{"href":"https:\/\/sahdes.org\/index.php?rest_route=\/wp\/v2\/pages\/250"}],"collection":[{"href":"https:\/\/sahdes.org\/index.php?rest_route=\/wp\/v2\/pages"}],"about":[{"href":"https:\/\/sahdes.org\/index.php?rest_route=\/wp\/v2\/types\/page"}],"author":[{"embeddable":true,"href":"https:\/\/sahdes.org\/index.php?rest_route=\/wp\/v2\/users\/1"}],"replies":[{"embeddable":true,"href":"https:\/\/sahdes.org\/index.php?rest_route=%2Fwp%2Fv2%2Fcomments&post=250"}],"version-history":[{"count":34,"href":"https:\/\/sahdes.org\/index.php?rest_route=\/wp\/v2\/pages\/250\/revisions"}],"predecessor-version":[{"id":1060,"href":"https:\/\/sahdes.org\/index.php?rest_route=\/wp\/v2\/pages\/250\/revisions\/1060"}],"wp:attachment":[{"href":"https:\/\/sahdes.org\/index.php?rest_route=%2Fwp%2Fv2%2Fmedia&parent=250"}],"curies":[{"name":"wp","href":"https:\/\/api.w.org\/{rel}","templated":true}]}}