{"id":14,"date":"2018-08-27T12:18:06","date_gmt":"2018-08-27T12:18:06","guid":{"rendered":"https:\/\/websitedemos.net\/alex19\/?page_id=14"},"modified":"2020-07-24T06:12:25","modified_gmt":"2020-07-24T06:12:25","slug":"testimonials","status":"publish","type":"page","link":"https:\/\/sahdes.org\/?page_id=14","title":{"rendered":"Testimonials"},"content":{"rendered":"\n\t<h1>\n\t\t\t\t\tColabora\n\t\t\t\t<\/h1>\n\t<p>Ten\u00e9s diferentes maneras de colaborar con nuestros programas:<\/p>\n<ul>\n<li>Pod\u00e9s sumarte como voluntari@ escribi\u00e9ndonos a info@sahdes.org y cont\u00e1ndonos qu\u00e9 te gustar\u00eda hacer<\/li>\n<li>Pod\u00e9s realizar donaciones de ropa, juguetes, libros, juegos did\u00e1cticos, pa\u00f1ales, entre otros<\/li>\n<li>Pod\u00e9s colaborar en la difusi\u00f3n de nuestras actividades reenviando nuestro newsletter y compartiendo nuestros posteos en redes<\/li>\n<li>Pod\u00e9s apadrinar\/amadrinar una familia con tu donaci\u00f3n mensual en dinero<\/li>\n<li>Pod\u00e9s sugerirnos otras opciones.<\/li>\n<\/ul>\n<p>Entre tod@s podemos cambiar realidades. Gracias por sumarte!!!<\/p>\n ","protected":false},"excerpt":{"rendered":"<p>Colabora Ten\u00e9s diferentes maneras de colaborar con nuestros programas: Pod\u00e9s sumarte como voluntari@ escribi\u00e9ndonos a info@sahdes.org y cont\u00e1ndonos qu\u00e9 te gustar\u00eda hacer Pod\u00e9s realizar donaciones de ropa, juguetes, libros, juegos did\u00e1cticos, pa\u00f1ales, entre otros Pod\u00e9s colaborar en la difusi\u00f3n de nuestras actividades reenviando nuestro newsletter y compartiendo nuestros posteos en redes Pod\u00e9s apadrinar\/amadrinar una familia &hellip;<\/p>\n<p class=\"read-more\"> <a class=\"\" href=\"https:\/\/sahdes.org\/?page_id=14\"> <span class=\"screen-reader-text\">Testimonials<\/span> Leer m\u00e1s &raquo;<\/a><\/p>\n","protected":false},"author":1,"featured_media":0,"parent":0,"menu_order":0,"comment_status":"closed","ping_status":"closed","template":"","meta":[],"_links":{"self":[{"href":"https:\/\/sahdes.org\/index.php?rest_route=\/wp\/v2\/pages\/14"}],"collection":[{"href":"https:\/\/sahdes.org\/index.php?rest_route=\/wp\/v2\/pages"}],"about":[{"href":"https:\/\/sahdes.org\/index.php?rest_route=\/wp\/v2\/types\/page"}],"author":[{"embeddable":true,"href":"https:\/\/sahdes.org\/index.php?rest_route=\/wp\/v2\/users\/1"}],"replies":[{"embeddable":true,"href":"https:\/\/sahdes.org\/index.php?rest_route=%2Fwp%2Fv2%2Fcomments&post=14"}],"version-history":[{"count":6,"href":"https:\/\/sahdes.org\/index.php?rest_route=\/wp\/v2\/pages\/14\/revisions"}],"predecessor-version":[{"id":1068,"href":"https:\/\/sahdes.org\/index.php?rest_route=\/wp\/v2\/pages\/14\/revisions\/1068"}],"wp:attachment":[{"href":"https:\/\/sahdes.org\/index.php?rest_route=%2Fwp%2Fv2%2Fmedia&parent=14"}],"curies":[{"name":"wp","href":"https:\/\/api.w.org\/{rel}","templated":true}]}}