{"id":128,"date":"2018-08-27T12:16:33","date_gmt":"2018-08-27T12:16:33","guid":{"rendered":"https:\/\/websitedemos.net\/alex19\/?page_id=10"},"modified":"2022-07-14T18:48:30","modified_gmt":"2022-07-14T18:48:30","slug":"services","status":"publish","type":"page","link":"https:\/\/sahdes.org\/?page_id=128","title":{"rendered":"Services"},"content":{"rendered":"\n\n\t<h1>\n\t\t\t\t\tNovedades\n\t\t\t\t<\/h1>\n\t\t\t\t<img src=\"https:\/\/sahdes.org\/wp-content\/uploads\/2022\/07\/Foto-Pueris-en-maternidad-julio-2022-150x150.jpg\" alt=\"Foto Pueris en maternidad - julio 2022\" itemprop=\"image\"\/>\n\t<h4>\n\t\t\t\t\t<a href=\"https:\/\/sahdes.org\/?page_id=1333\" title=\"Derecho a la lactancia: Ampliamos el servicio de Puericultura en la Maternidad de Pilar\" target=\"_self\" rel=\"noopener\">\n\t\t\t\t\t\tDerecho a la lactancia: Ampliamos el servicio de Puericultura en la Maternidad de Pilar\n\t\t\t\t\t\t<\/a>\n\t\t\t<\/h4>\n\t\t\t<p>Ampliamos el servicio de <a href=\"https:\/\/www.instagram.com\/explore\/tags\/puericultura\/\">#puericultura<\/a> en la Maternidad de Pilar con una nueva red de voluntarias!!! Ahora las recientes mamas tendr\u00e1n asesoramiento en <a href=\"https:\/\/www.instagram.com\/explore\/tags\/lactancia\/\">#lactancia<\/a> desde el momento del parto, de lunes a lunes. <\/p>\t\t\n\t\t\t<a href=\"https:\/\/sahdes.org\/?page_id=1333\" target=\"_self\" role=\"button\" rel=\"noopener\">\n\t\t\t\t\t\tm\u00e1s info\n\t\t<\/a>\n\t\t\t\t<img src=\"https:\/\/sahdes.org\/wp-content\/uploads\/2022\/07\/foto-clari-y-su-bebe-recortada-150x150.jpeg\" alt=\"foto clari y su bebe recortada\" itemprop=\"image\"\/>\n\t<h4>\n\t\t\t\t\t<a href=\"https:\/\/sahdes.org\/?page_id=1343\" title=\"Nos sumamos a RED MAPA para seguir acompa\u00f1ando maptarnidades adolescentes y a sus hijos\/as\/es\" target=\"_self\" rel=\"noopener\">\n\t\t\t\t\t\tNos sumamos a RED MAPA para seguir acompa\u00f1ando maptarnidades adolescentes y a sus hijos\/as\/es\n\t\t\t\t\t\t<\/a>\n\t\t\t<\/h4>\n\t\t\t<p>Como parte de nuestro trabajo en red y de incidencia, nos sumamos a la iniciativa de Fundacion Kaleidos para reunir organizaciones de Argentina que trabajamos acompa\u00f1ando adolescentes que son madres\/ padres y a sus hij@s.<\/p>\t\t\n\t\t\t<a href=\"https:\/\/sahdes.org\/?page_id=1343\" target=\"_self\" role=\"button\" rel=\"noopener\">\n\t\t\t\t\t\tm\u00e1s info\n\t\t<\/a>\n\t\t\t\t<img src=\"https:\/\/sahdes.org\/wp-content\/uploads\/2021\/06\/IMG-20210507-WA0024-150x150.jpg\" alt=\"IMG-20210507-WA0024\" itemprop=\"image\"\/>\n\t<h4>\n\t\t\t\t\t<a href=\"https:\/\/sahdes.org\/?page_id=1259\" title=\"Semana del Parto Respetado 2021 contra la violencia obst\u00e9trica\" target=\"_self\" rel=\"noopener\">\n\t\t\t\t\t\tSemana del Parto Respetado 2021 contra la violencia obst\u00e9trica\n\t\t\t\t\t\t<\/a>\n\t\t\t<\/h4>\n\t\t\t<p>Del 16 al 23 de Mayo fue la Semana Mundial Del Parto Respetado, y desde SAHDES estuvimos trabajando en conjunto con distintas obstetras para visibilizar los Derechos de las familias a la hora de asistir al parto. El derecho a la informaci\u00f3n, a tomar decisiones, a que la mujer est\u00e9 acompa\u00f1ada, y a que el beb\u00e9 est\u00e9 con su mam\u00e1, son fundamentales y no siempre se cumplen.\u00a0<\/p>\t\t\n\t\t\t<a href=\"https:\/\/sahdes.org\/?page_id=1259\" target=\"_self\" role=\"button\" rel=\"noopener\">\n\t\t\t\t\t\tm\u00e1s info\n\t\t<\/a>\n\t\t\t\t<img src=\"https:\/\/sahdes.org\/wp-content\/uploads\/2021\/06\/tejedoras-con-barbijo.jpg\" alt=\"tejedoras con barbijo\" itemprop=\"image\"\/>\n\t<h4>\n\t\t\t\t\t<a href=\"https:\/\/sahdes.org\/?page_id=1264\" title=\"Seguimos apoyando a las tejedoras del programa PotenciaMOS\" target=\"_self\" rel=\"noopener\">\n\t\t\t\t\t\tSeguimos apoyando a las tejedoras del programa PotenciaMOS\n\t\t\t\t\t\t<\/a>\n\t\t\t<\/h4>\n\t\t\t<p>Las mujeres que participan del programa\u00a0<a href=\"https:\/\/sahdes.org\/?page_id=640\" target=\"_blank\" rel=\"nofollow noopener noreferrer\" shape=\"rect\">PotenciaMOS<\/a> siguen tejiendo. Continuamos impulsando oportunidades de trabajo para que mujeres de barrios populares puedan generar ingresos.<\/p>\t\t\n\t\t\t<a href=\"https:\/\/sahdes.org\/?page_id=1264\" target=\"_self\" role=\"button\" rel=\"noopener\">\n\t\t\t\t\t\tm\u00e1s info\n\t\t<\/a>\n\t\t\t\t<img src=\"https:\/\/sahdes.org\/wp-content\/uploads\/2021\/06\/IMG-20210329-WA0084-150x150.jpg\" alt=\"IMG-20210329-WA0084\" itemprop=\"image\"\/>\n\t<h4>\n\t\t\t\t\t<a href=\"https:\/\/sahdes.org\/?page_id=1247\" title=\"Nuevo grupo de embarazadas que se suman al programa MAMI\" target=\"_self\" rel=\"noopener\">\n\t\t\t\t\t\tNuevo grupo de embarazadas que se suman al programa MAMI\n\t\t\t\t\t\t<\/a>\n\t\t\t<\/h4>\n\t\t\t<p>Gracias al trabajo junto centros de salud barriales, se conform\u00f3 un nuevo grupo de 25 adolescentes y mujeres embarazadas que se suman al Programa <a href=\"https:\/\/sahdes.org\/?page_id=250\">MAMI<\/a> en el barrio Toro, un grupo de adolescentes del barrio Peruzzotti, Pilar. Adem\u00e1s, seguimos acompa\u00f1ando a mam\u00e1s con beb\u00e9s de hasta 1 a\u00f1o.<\/p>\t\t\n\t\t\t<a href=\"https:\/\/sahdes.org\/?page_id=1247\" target=\"_self\" role=\"button\" rel=\"noopener\">\n\t\t\t\t\t\tm\u00e1s info\n\t\t<\/a>\n\t\t\t\t<img src=\"https:\/\/sahdes.org\/wp-content\/uploads\/2020\/10\/Beb\u00e9-de-Roc\u00edo-de-17-a\u00f1os-150x150.jpg\" alt=\"Beb\u00e9 de Roc\u00edo, de 17 a\u00f1os\" itemprop=\"image\"\/>\n\t<h4>\n\t\t\t\t\t<a href=\"https:\/\/sahdes.org\/?page_id=1171\" title=\"Campa\u00f1a por la Prevenci\u00f3n del Embarazo Adolescente No intencional\" target=\"_self\" rel=\"noopener\">\n\t\t\t\t\t\tCampa\u00f1a por la Prevenci\u00f3n del Embarazo Adolescente No intencional\n\t\t\t\t\t\t<\/a>\n\t\t\t<\/h4>\n\t\t\t<p>Del 21 al 27 de septiembre estuvimos presentes en la Semana Mundial de la Prevenci\u00f3n del Embarazo Adolescente No Intencional con una campa\u00f1a virtual que incluy\u00f3 notas en medios gr\u00e1ficos y radiales, vivos en Instagram y trabajo con familias en los barrios<\/p>\t\t\n\t\t\t<a href=\"https:\/\/sahdes.org\/?page_id=1129\" target=\"_self\" role=\"button\" rel=\"noopener\">\n\t\t\t\t\t\tm\u00e1s info\n\t\t<\/a>\n\t\t\t\t<img src=\"https:\/\/sahdes.org\/wp-content\/uploads\/2020\/10\/Logo-Observatorio-GDFE-300x163.jpg\" alt=\"OdS CMYK\" itemprop=\"image\"\/>\n\t<h4>\n\t\t\t\t\t<a href=\"https:\/\/sahdes.org\/?page_id=1127\" title=\"Integramos un nuevo espacio multiactoral de incidencia en pol\u00edticas p\u00fablicas\" target=\"_self\" rel=\"noopener\">\n\t\t\t\t\t\tIntegramos un nuevo espacio multiactoral de incidencia en pol\u00edticas p\u00fablicas\n\t\t\t\t\t\t<\/a>\n\t\t\t<\/h4>\n\t\t\t<p>A partir de mes de julio formamos parte del Consejo Consultivo del Observatorio de Salud, del Grupo de Fundaciones y Empresas, con el objetivo de incidir en pol\u00edticas p\u00fablicas. SAHDES es miembro fundador junto a otras organizaciones como referente en tem\u00e1ticas de salud materno-infantil.<\/p>\t\t\n\t\t\t<a href=\"https:\/\/sahdes.org\/?page_id=1127\" target=\"_self\" role=\"button\" rel=\"noopener\">\n\t\t\t\t\t\tm\u00e1s info\n\t\t<\/a>\n\t\t\t\t<img src=\"https:\/\/sahdes.org\/wp-content\/uploads\/2020\/09\/IMG-20200813-WA0171-150x150.jpg\" alt=\"IMG-20200813-WA0171\" itemprop=\"image\"\/>\n\t<h4>\n\t\t\t\t\t<a href=\"https:\/\/sahdes.org\/?page_id=1129\" title=\"Festejamos el D\u00eda de las Infancias a pesar de la pandemia\" target=\"_self\" rel=\"noopener\">\n\t\t\t\t\t\tFestejamos el D\u00eda de las Infancias a pesar de la pandemia\n\t\t\t\t\t\t<\/a>\n\t\t\t<\/h4>\n\t\t\t<p>Este a\u00f1o no pudimos festejar en los barrios, pero hicimos llegar las donaciones para que tod@s l@s ni\u00f1@s pudieran tener regalos. Y la solidaridad fue inmensa! Unos 250 chic@s recibieron libros, rompecabezas, triciclos, y m\u00e1s juguetes que les permitan seguir desarroll\u00e1ndose a\u00fan en cuarentena.<\/p>\t\t\n\t\t\t<a href=\"https:\/\/sahdes.org\/?page_id=1129\" target=\"_self\" role=\"button\" rel=\"noopener\">\n\t\t\t\t\t\tm\u00e1s info\n\t\t<\/a>\n\t\t\t\t<img src=\"https:\/\/sahdes.org\/wp-content\/uploads\/2019\/09\/prog3-150x150.jpg\" alt=\"prog3\" itemprop=\"image\"\/>\n\t<h4>\n\t\t\t\t\t<a href=\"https:\/\/sahdes.org\/?page_id=1125\" title=\"Dijimos presente en la Semana Mundial de la Lactancia Materna\" target=\"_self\" rel=\"noopener\">\n\t\t\t\t\t\tDijimos presente en la Semana Mundial de la Lactancia Materna\n\t\t\t\t\t\t<\/a>\n\t\t\t<\/h4>\n\t\t\t<p>Del 1 al 7 de julio se celebr\u00f3 la Semana Mundial de la Lactancia. Estuvimos presentes de manera virtual tanto con las familias como en las redes sociales con informaci\u00f3n de actualidad sobre lactancia y COVID-19, sobre los beneficios de la lactancia para mam\u00e1s y beb\u00e9s tanto a nivel alimenticio como vincular, y lactancia y medio ambiente, entre otros.\u00a0<\/p>\t\t\n\t\t\t<a href=\"https:\/\/sahdes.org\/?page_id=1125\" target=\"_self\" role=\"button\" rel=\"noopener\">\n\t\t\t\t\t\tm\u00e1s info\n\t\t<\/a>\n\t\t\t\t<img src=\"https:\/\/sahdes.org\/wp-content\/uploads\/2020\/07\/salvador-cortada.jpg\" alt=\"salvador cortada\" itemprop=\"image\"\/>\n\t<h4>\n\t\t\t\t\t<a href=\"https:\/\/sahdes.org\/?page_id=1016\" title=\"Mujeres solidarias y en red\" target=\"_self\" rel=\"noopener\">\n\t\t\t\t\t\tMujeres solidarias y en red\n\t\t\t\t\t\t<\/a>\n\t\t\t<\/h4>\n\t\t\t<p>Las desigualdades sociales hicieron que, para much@s, adaptarse a las condiciones de la cuarentena fuera muy dif\u00edcil. A pesar de esto, l@s mism@s vecin@s de los barrios vulnerables encontraron formas de organizarse solidariamente para apoyarse. Historias como las de Carolina y Elizabeth nos demuestran que a\u00fan en tiempos dif\u00edciles debemos formar red y trabajar en comunidad.<\/p>\t\t\n\t\t\t<a href=\"https:\/\/sahdes.org\/?page_id=1016\" target=\"_self\" role=\"button\" rel=\"noopener\">\n\t\t\t\t\t\tm\u00e1s info\n\t\t<\/a>\n\t\t\t\t<img src=\"https:\/\/sahdes.org\/wp-content\/uploads\/2020\/07\/Foto-Art\u00edculo-DirecTV.jpg\" alt=\"Foto Art\u00edculo DirecTV\" itemprop=\"image\"\/>\n\t<h4>\n\t\t\t\t\tGracias a la nueva alianza con DirecTV pudimos crear una biblioteca y difundir nuestras actividades\n\t\t\t\t<\/h4>\n\t\t\t<p>En 2019 ganamos el concurso \u00abHacele gancho\u00bb, promovido por el \u00e1rea de RSE de la empresa. Gracias a esto, y adaptando el proyecto a las nuevas condiciones impuestas por la pandemia, pudimos realizar varias acciones en conjunto con la empresa. Entre ellas, crear una biblioteca comunitaria y difundir gratuitamente un spot con las acciones de Sahdes en el contexto COVID19.<\/p>\t\t\n\t\t\t<a href=\"https:\/\/sahdes.org\/?page_id=1053\" target=\"_self\" role=\"button\" rel=\"noopener\">\n\t\t\t\t\t\tm\u00e1s info\n\t\t<\/a>\n\t\t\t\t<img src=\"https:\/\/sahdes.org\/wp-content\/uploads\/2020\/07\/Noelia.-M\u00eda-150x150.jpeg\" alt=\"Noelia. M\u00eda\" itemprop=\"image\"\/>\n\t<h4>\n\t\t\t\t\tM\u00e1s familias se suman al programa MAMI en su formato virtual\n\t\t\t\t<\/h4>\n\t\t\t<p>Nuevas mujeres se sumaron al programa de acompa\u00f1amiento materno infantil que continuamos a trav\u00e9s de encuentros virtuales, para el que creamos videos informativos y generamos charlas con especialistas. La nueva versi\u00f3n de MAMI nos permiti\u00f3 ampliarnos llegando a muchas m\u00e1s familias.<\/p>\t\t\n\t\t\t<a href=\"https:\/\/sahdes.org\/?page_id=1042\" target=\"_self\" role=\"button\" rel=\"noopener\">\n\t\t\t\t\t\tm\u00e1s info\n\t\t<\/a>\n\t\t\t\t<img src=\"https:\/\/sahdes.org\/wp-content\/uploads\/2019\/10\/potenciamos-1.jpg\" alt=\"potenciamos\" itemprop=\"image\"\/>\n\t<h4>\n\t\t\t\t\tFrente al COVID_19 seguimos Tejiendo Solidaridad desde casa capacitando y generando trabajo\n\t\t\t\t<\/h4>\n\t\t\t<p>En estos momentos tan dif\u00edciles para tod@s, acompa\u00f1amos a las tejedoras del programa PotenciaMOS para que puedan seguir generando ingresos desde su casa, y les brindamos capacitaci\u00f3n a distancia.<\/p>\t\t\n\t\t\t<a href=\"https:\/\/sahdes.org\/?page_id=997\" target=\"_self\" role=\"button\" rel=\"noopener\">\n\t\t\t\t\t\tm\u00e1s info\n\t\t<\/a>\n\t\t\t\t<img src=\"https:\/\/sahdes.org\/wp-content\/uploads\/2020\/06\/entrega-donaciones-VV-dic-2019-2.jpg\" alt=\"entrega donaciones VV dic 2019 (2)\" itemprop=\"image\"\/>\n\t<h4>\n\t\t\t\t\t<a href=\"https:\/\/sahdes.org\/?page_id=842\" title=\"Nos reinventamos en tiempos de cuarentena y seguimos trabajando a distancia para estar cerca\" target=\"_self\" rel=\"noopener\">\n\t\t\t\t\t\tNos reinventamos en tiempos de cuarentena y seguimos trabajando a distancia para estar cerca\n\t\t\t\t\t\t<\/a>\n\t\t\t<\/h4>\n\t\t\t<p>Encontramos nuevas maneras de trabajar y estar con las familias de los diferentes programas a trav\u00e9s de formatos digitales., adem\u00e1s de canalizar donaciones y crear un programa de voluntariado virtual.<\/p>\t\t\n\t\t\t<a href=\"https:\/\/sahdes.org\/?page_id=842\" target=\"_self\" role=\"button\" rel=\"noopener\">\n\t\t\t\t\t\tm\u00e1s info\n\t\t<\/a>\n\t\t\t\t<img src=\"https:\/\/sahdes.org\/wp-content\/uploads\/2020\/03\/PHOTO-2019-08-29-16-14-14-1.jpg\" alt=\"PHOTO-2019-08-29-16-14-14\" itemprop=\"image\"\/>\n\t<h4>\n\t\t\t\t\tSumamos la segunda sede del programa Crianza en Red en Pilar\n\t\t\t\t<\/h4>\n\t\t\t<p>Tomando la experiencia del a\u00f1o pasado en el barrio Peruzzotti, estamos muy felices de abrir el segundo espacio de Crianza en Red en el barrio Nuestra Se\u00f1ora del Pilar, llegando a m\u00e1s familias con los talleres y espacio de juego para ni\u00f1os\/as de 0 a 3 a\u00f1os. Se desarrolla en Casa Pibes junto a todo el equipo interinstitucional\u00a0 con el que venimos trabajando.<\/p>\t\t\n\t\t\t<a href=\"https:\/\/sahdes.org\/?page_id=979\" target=\"_self\" role=\"button\" rel=\"noopener\">\n\t\t\t\t\t\tm\u00e1s info\n\t\t<\/a>\n\t\t\t\t<img src=\"https:\/\/sahdes.org\/wp-content\/uploads\/2020\/03\/Concordia-89.jpg\" alt=\"Concordia (89)\" itemprop=\"image\"\/>\n\t<h4>\n\t\t\t\t\t<a href=\"https:\/\/sahdes.org\/?page_id=905\" title=\"Finalizamos la capacitaci\u00f3n en Nurici\u00f3n y V\u00ednculos Saludables en 65 Espacios de Primera Infancia junto a la SENNAF\" target=\"_self\" rel=\"noopener\">\n\t\t\t\t\t\tFinalizamos la capacitaci\u00f3n en Nurici\u00f3n y V\u00ednculos Saludables en 65 Espacios de Primera Infancia junto a la SENNAF\n\t\t\t\t\t\t<\/a>\n\t\t\t<\/h4>\n\t\t\t<p>Participaron del programa de Formaci\u00f3n de Formadores, 200 personas entre educadores, cocineros\/as, coordinadores e integrantes de equipos t\u00e9cnicos de las provincias de Entre R\u00edos, C\u00f3rdoba y Buenos Aires.<\/p>\t\t\n\t\t\t<a href=\"https:\/\/sahdes.org\/?page_id=905\" target=\"_self\" role=\"button\" rel=\"noopener\">\n\t\t\t\t\t\tm\u00e1s info\n\t\t<\/a>\n\t\t\t\t<img src=\"https:\/\/sahdes.org\/wp-content\/uploads\/2020\/03\/PIP-2018-96.jpg\" alt=\"PIP 2018 (96)\" itemprop=\"image\"\/>\n\t<h4>\n\t\t\t\t\tCierre del programa PIP junto a la Fundaci\u00f3n Navarro Viola\n\t\t\t\t<\/h4>\n\t\t\t<p>Despu\u00e9s de 6 meses de intenso trabajo, hicimos el cierre del\u00a0 programa PIP (Primera Infancia Primero) que alcanz\u00f3 a 45 familias de los barrios Peruzzotti, Villa Verde y Nuestra Se\u00f1ora del Pilar. El programa implic\u00f3 una convocatoria a familias en situaci\u00f3n de alta vulnerabilidad con ni\u00f1@s de hasta 5 a\u00f1os, que recibieron la visita semanal de un grupo de promotoras \u00a0con actividades l\u00fadicas para reforzar v\u00ednculos y propuestas educativas.<\/p>\t\t\n\t\t\t<a href=\"https:\/\/sahdes.org\/?page_id=839\" target=\"_self\" role=\"button\" rel=\"noopener\">\n\t\t\t\t\t\tm\u00e1s info\n\t\t<\/a>\n\t\t\t\t<img src=\"https:\/\/sahdes.org\/wp-content\/uploads\/2019\/10\/1.jpg\" alt=\"1\" itemprop=\"image\"\/>\n\t<h4>\n\t\t\t\t\tLos programas MAMI y PotenciaMOS entre los ganadores de una convocatoria del Gobierno de la Ciudad\n\t\t\t\t<\/h4>\n\t\t\t<p>El M\u00f3dulo de Acompa\u00f1amiento Materno Infantil (MAMI) se llevar\u00e1 adelante en Ciudad Oculta junto al Instituto Villero de Formaci\u00f3n (IVF) gracias al apoyo del \u00e1rea de Fortalecimiento de OSC del Gobierno de la Ciudad, al igual que la capacitaci\u00f3n de PotenciaMOS.<\/p>\t\t\n\t\t\t<a href=\"https:\/\/sahdes.org\/?page_id=781\" target=\"_self\" role=\"button\" rel=\"noopener\">\n\t\t\t\t\t\tm\u00e1s info\n\t\t<\/a>\n\t\t\t\t<img src=\"https:\/\/sahdes.org\/wp-content\/uploads\/2019\/10\/novedades-1-1.jpg\" alt=\"novedades-1\" itemprop=\"image\"\/>\n\t<h4>\n\t\t\t\t\tFirmamos convenio con Sennaf para capacitar a Espacios de Primera Infancia en Nutrici\u00f3n y V\u00ednculos\n\t\t\t\t<\/h4>\n\t\t\t<p>\u00abFormaci\u00f3n de Formadores en Salud, Alimentaci\u00f3n y Crianza sin violencia\u00bb es el nuevo proyecto que llevaremos adelante con el apoyo de la Subsecretar\u00eda Nacional de Ni\u00f1ez, Adolescencia y Familia (Sennaf) para realizar talleres en Espacios de Primera Infancia (EPI) de diferentes provincias del pa\u00eds.<\/p>\t\t\n\t\t\t<a href=\"https:\/\/sahdes.org\/?page_id=842\" target=\"_self\" role=\"button\" rel=\"noopener\">\n\t\t\t\t\t\tm\u00e1s info\n\t\t<\/a>\n\t\t\t\t<img src=\"https:\/\/sahdes.org\/wp-content\/uploads\/2019\/09\/2-300x223.jpg\" alt=\"2\" itemprop=\"image\"\/>\n\t<h4>\n\t\t\t\t\tNuevo proyecto con Fundaci\u00f3n Navarro Viola\n\t\t\t\t<\/h4>\n\t\t\t<p>Con mucho entusiasmo compartimos un nuevo proyecto que comenzamos con Fundaci\u00f3n Navarro Viola para acompa\u00f1ar a 50 familias en la crianza de sus hijos: Primera Infancia Primero. \u00a1Felices de que nos hayan convocado para implementarlo en Pilar!<\/p>\t\t\n\t\t\t<a href=\"?page_id=473\" target=\"_self\" role=\"button\" rel=\"noopener\">\n\t\t\t\t\t\tm\u00e1s info\n\t\t<\/a>\n\t\t\t\t<img src=\"https:\/\/sahdes.org\/wp-content\/uploads\/2019\/09\/4.jpg\" alt=\"4\" itemprop=\"image\"\/>\n\t<h4>\n\t\t\t\t\tInauguramos el programa Crianza en Red\n\t\t\t\t<\/h4>\n\t\t\t<p>Un espacio con talleres de crianza y h\u00e1bitos saludables para las familias y estimulaci\u00f3n temprana para ni\u00f1os y ni\u00f1as. Trabajamos junto a la Direcci\u00f3n de NI\u00f1ez, G\u00e9nero y Diversidad Sexual de Pilar, la Direcci\u00f3n de Prevenci\u00f3n de Adicciones, Direcci\u00f3n de Servicios Sociales, y Fundaci\u00f3n Pibes.\u00a0<\/p>\t\t\n\t\t\t<a href=\"?page_id=489\" target=\"_self\" role=\"button\" rel=\"noopener\">\n\t\t\t\t\t\tm\u00e1s info\n\t\t<\/a>\n\t<iframe title=\"Proyecto MAMI (M\u00f3dulo de Acompa\u00f1amiento Materno Infantil)- Premio Bienal Primera Infancia\" width=\"500\" height=\"281\" src=\"https:\/\/www.youtube.com\/embed\/l7PLlDkDZTQ?feature=oembed\" frameborder=\"0\" allow=\"accelerometer; autoplay; encrypted-media; gyroscope; picture-in-picture\" allowfullscreen><\/iframe>\n\t<h4>\n\t\t\t\t\tGanadores del XVIII Premio Bienal Primera Infancia\n\t\t\t\t<\/h4>\n\t\t\t<p>Sahdes es uno de los cinco ganadores del XVIII Premio Bienal Primera Infancia con el programa MAMI, otorgado por la Fundaci\u00f3n Navarro Viola.<\/p>\t\t\n\t\t\t<a href=\"https:\/\/youtu.be\/l7PLlDkDZTQ\" target=\"_blank\" role=\"button\" rel=\"noopener\">\n\t\t\t\t\t\tver video\n\t\t<\/a>\n\t\t\t\t<img src=\"https:\/\/sahdes.org\/wp-content\/uploads\/2019\/09\/prog1.jpg\" alt=\"prog1\" itemprop=\"image\"\/>\n\t<h4>\n\t\t\t\t\tTaller de m\u00fasicoterapia\n\t\t\t\t<\/h4>\n\t\t\t<p>Un espacio que generamos para mejorar los v\u00ednculos de una manera creativa, donde el disfrute y la relajaci\u00f3n tambi\u00e9n est\u00e1n presentes.<\/p>\t\t\n\t\t\t<a href=\"?page_id=395\" target=\"_self\" role=\"button\" rel=\"noopener\">\n\t\t\t\t\t\tm\u00e1s info\n\t\t<\/a>\n\t\t\t\t<img src=\"https:\/\/sahdes.org\/wp-content\/uploads\/2019\/09\/prog3.jpg\" alt=\"prog3\" itemprop=\"image\"\/>\n\t<h4>\n\t\t\t\t\tApoyando a las mam\u00e1s adolescentes\n\t\t\t\t<\/h4>\n\t\t\t<p>Entregamos nuevos \u00abajuares\u00bb a las chicas que participan del programa MAMI en el barrio Toro, Derqui. Shirley, Mariela, Elcida y Mar\u00eda Vicenta recibieron ropita para sus beb\u00e9s reci\u00e9n nacidos. Norma, para su nieta.<\/p>\t\t\n\t\t\t<a href=\"#\" target=\"_self\" role=\"button\" rel=\"noopener\">\n\t\t\t\t\t\tm\u00e1s info\n\t\t<\/a>\n\t\t\t\t<img src=\"https:\/\/sahdes.org\/wp-content\/uploads\/2019\/09\/1.jpg\" alt=\"1\" itemprop=\"image\"\/>\n\t<h4>\n\t\t\t\t\tForo de Escuelas\n\t\t\t\t<\/h4>\n\t\t\t<p>As\u00ed festejamos fin de a\u00f1o con todas las escuelas que participaron de los talleres de H\u00e1bitos Saludables y Nutrici\u00f3n. Celebramos los kioscos saludables que quedar\u00e1n y los proyectos nuevos que surgieron despu\u00e9s de nuestro paso por cada instituci\u00f3n. Felicitaciones a las directoras, maestras y a los\/las chicos\/as!<\/p>\t\t\n\t\t\t<a href=\"#\" target=\"_self\" role=\"button\" rel=\"noopener\">\n\t\t\t\t\t\tver galer\u00eda\n\t\t<\/a>\n\t\t\t\t<img src=\"https:\/\/sahdes.org\/wp-content\/uploads\/2019\/09\/prog4.jpg\" alt=\"prog4\" itemprop=\"image\"\/>\n\t<h4>\n\t\t\t\t\tLanzamiento Mami\n\t\t\t\t<\/h4>\n\t\t\t<p>Presentamos el nuevo programa de acompa\u00f1amiento a embarazadas, MAMI (M\u00f3dulo de Acompa\u00f1amiento Materno Infantil), junto a la Secretar\u00eda de Salud de Pilar. Se formar\u00e1n mujeres en diferentes barrios para acompa\u00f1ar durante 1 a\u00f1o a otras mujeres en situaci\u00f3n de vulnerabilidad.<\/p>\t\t\n\t\t\t<a href=\"#\" target=\"_self\" role=\"button\" rel=\"noopener\">\n\t\t\t\t\t\tmas info\n\t\t<\/a>\n\t\t\t\t<img src=\"https:\/\/sahdes.org\/wp-content\/uploads\/2019\/09\/1-1.jpg\" alt=\"1 (1)\" itemprop=\"image\"\/>\n\t<h4>\n\t\t\t\t\tTaller de Comunicaci\u00f3n Comunitaria en Del Viso\n\t\t\t\t<\/h4>\n\t\t\t<p>Taller de Comunicaci\u00f3n Comunitaria para futuros\/as promotores\/as de salud del Municipio en la Casa de la Cultura de Del Viso. Trabajamos a partir de juegos y ejercicios teatrales. Descubrimos grandes talentos! Gracias por la predisposici\u00f3n y activa participaci\u00f3n.<\/p>\t\t\n\t\t\t<a href=\"?page_id=431\" target=\"_self\" role=\"button\" rel=\"noopener\">\n\t\t\t\t\t\tver galer\u00eda\n\t\t<\/a>\n\n ","protected":false},"excerpt":{"rendered":"<p>Novedades Derecho a la lactancia: Ampliamos el servicio de Puericultura en la Maternidad de Pilar Ampliamos el servicio de #puericultura en la Maternidad de Pilar con una nueva red de voluntarias!!! Ahora las recientes mamas tendr\u00e1n asesoramiento en #lactancia desde el momento del parto, de lunes a lunes. m\u00e1s info Nos sumamos a RED MAPA &hellip;<\/p>\n<p class=\"read-more\"> <a class=\"\" href=\"https:\/\/sahdes.org\/?page_id=128\"> <span class=\"screen-reader-text\">Services<\/span> Leer m\u00e1s &raquo;<\/a><\/p>\n","protected":false},"author":1,"featured_media":0,"parent":0,"menu_order":0,"comment_status":"closed","ping_status":"closed","template":"","meta":[],"_links":{"self":[{"href":"https:\/\/sahdes.org\/index.php?rest_route=\/wp\/v2\/pages\/128"}],"collection":[{"href":"https:\/\/sahdes.org\/index.php?rest_route=\/wp\/v2\/pages"}],"about":[{"href":"https:\/\/sahdes.org\/index.php?rest_route=\/wp\/v2\/types\/page"}],"author":[{"embeddable":true,"href":"https:\/\/sahdes.org\/index.php?rest_route=\/wp\/v2\/users\/1"}],"replies":[{"embeddable":true,"href":"https:\/\/sahdes.org\/index.php?rest_route=%2Fwp%2Fv2%2Fcomments&post=128"}],"version-history":[{"count":72,"href":"https:\/\/sahdes.org\/index.php?rest_route=\/wp\/v2\/pages\/128\/revisions"}],"predecessor-version":[{"id":1350,"href":"https:\/\/sahdes.org\/index.php?rest_route=\/wp\/v2\/pages\/128\/revisions\/1350"}],"wp:attachment":[{"href":"https:\/\/sahdes.org\/index.php?rest_route=%2Fwp%2Fv2%2Fmedia&parent=128"}],"curies":[{"name":"wp","href":"https:\/\/api.w.org\/{rel}","templated":true}]}}