{"id":126,"date":"2018-08-27T12:15:15","date_gmt":"2018-08-27T12:15:15","guid":{"rendered":"https:\/\/websitedemos.net\/alex19\/?page_id=6"},"modified":"2022-07-18T21:28:04","modified_gmt":"2022-07-18T21:28:04","slug":"home","status":"publish","type":"page","link":"https:\/\/sahdes.org\/","title":{"rendered":"Home"},"content":{"rendered":"\n\n\tNuestro foco est\u00e1 en<br \/>\nla mejora de la salud<br \/>\nmaterno-infantil\n\t<h2>\n\t\t\t\t\t<a href=\"https:\/\/sahdes.org\/?page_id=128\" title=\"Novedades\" target=\"_self\" rel=\"noopener\">\n\t\t\t\t\t\tNovedades\n\t\t\t\t\t\t<\/a>\n\t\t\t<\/h2>\n\t<h3>Derecho a la lactancia: ampliamos el servicio de puericultura en la Maternidad de Pilar<\/h3>\n\t\t\t\t<img loading=\"lazy\" src=\"https:\/\/sahdes.org\/wp-content\/uploads\/2022\/07\/Foto-Pueris-en-maternidad-julio-2022-225x300.jpg\" alt=\"Foto Pueris en maternidad - julio 2022\" itemprop=\"image\" height=\"300\" width=\"225\" title=\"Foto Pueris en maternidad - julio 2022\" onerror=\"this.style.display='none'\"  \/>\n\t<p>Ampliamos el servicio de<a href=\"https:\/\/www.instagram.com\/explore\/tags\/puericultura\/\"> #puericultura<\/a> en la Maternidad de Pilar con una nueva red de voluntarias. Ahora las recientes mamas tendr\u00e1n asesoramiento en<a href=\"https:\/\/www.instagram.com\/explore\/tags\/lactancia\/\"> #lactancia<\/a> desde el momento del parto, de lunes a lunes.\u00a0<\/p>\n\t\t\t<a href=\"https:\/\/sahdes.org\/?page_id=1333\" target=\"_self\" role=\"button\" rel=\"noopener\">\n\t\t\t\t\t\t+ info\n\t\t<\/a>\n\t<h4>Nueva alianza con la marca Blue Sheep que genera m\u00e1s trabajo para mujeres Programa Potenciamos<\/h4>\n\t\t\t\t<img loading=\"lazy\" src=\"https:\/\/sahdes.org\/wp-content\/uploads\/2022\/07\/IMG-20220711-WA0075-226x300.jpg\" alt=\"IMG-20220711-WA0075\" itemprop=\"image\" height=\"300\" width=\"226\" title=\"IMG-20220711-WA0075\" onerror=\"this.style.display='none'\"  \/>\n\t<p>A trav\u00e9s del reciclado de retazos de lana, Paula y su familia confeccionaron prendas \u00fanicas de la nueva l\u00ednea Veo Veo que lanz\u00f3 esta reconocida marca. Ya entregamos 230 prendas y vamos por m\u00e1s.<\/p>\n\t\t\t<a href=\"https:\/\/sahdes.org\/?page_id=1362\" target=\"_self\" role=\"button\" rel=\"noopener\">\n\t\t\t\t\t\t+ info\n\t\t<\/a>\n\t\t\t<a href=\"https:\/\/sahdes.org\/?page_id=1098\" target=\"_self\" role=\"button\" rel=\"noopener\">\n\t\t\t\t\t\tsuscribite a nuestro newsletter\n\t\t<\/a>\n\t<iframe title=\"Proyecto MAMI (M\u00f3dulo de Acompa\u00f1amiento Materno Infantil)- Premio Bienal Primera Infancia\" width=\"500\" height=\"281\" src=\"https:\/\/www.youtube.com\/embed\/l7PLlDkDZTQ?feature=oembed\" frameborder=\"0\" allow=\"accelerometer; autoplay; encrypted-media; gyroscope; picture-in-picture\" allowfullscreen><\/iframe>\n\t<h2>\n\t\t\t\t\tPROGRAMAS\n\t\t\t\t<\/h2>\n\t\t\t\t<img loading=\"lazy\" src=\"https:\/\/sahdes.org\/wp-content\/uploads\/2019\/09\/home_mami.jpg\" alt=\"home_mami\" itemprop=\"image\" height=\"256\" width=\"380\" title=\"home_mami\" onerror=\"this.style.display='none'\"  \/>\n\t<ul>\n\t\t<li><h4>MAMI<\/h4><p>Formaci\u00f3n y acompa\u00f1amiento de mujeres embarazadas en situaci\u00f3n de vulnerabilidad, creando un puente con el sistema de salud y brindando apoyo emocional.<\/p><\/li>\t<\/ul>\n\t\t\t<a href=\"?page_id=250\" target=\"_self\" role=\"button\" rel=\"noopener\">\n\t\t\t\t\t\t+ INFO\n\t\t<\/a>\n\t\t\t\t<img loading=\"lazy\" src=\"https:\/\/sahdes.org\/wp-content\/uploads\/2020\/04\/CR-web.jpg\" alt=\"CR web\" itemprop=\"image\" height=\"789\" width=\"1108\" title=\"CR web\" onerror=\"this.style.display='none'\"  \/>\n\t<ul>\n\t\t<li><h4>Crianza en Red<\/h4><p>Talleres de h\u00e1bitos saludables y crianza sin violencia para familias, con espacio de juego y estimulaci\u00f3n temprana para ni\u00f1os y ni\u00f1as.\u00a0<\/p><\/li>\t<\/ul>\n\t\t\t<a href=\"?page_id=489\" target=\"_self\" role=\"button\" rel=\"noopener\">\n\t\t\t\t\t\t+ INFO\n\t\t<\/a>\n\t\t\t\t<img loading=\"lazy\" src=\"https:\/\/sahdes.org\/wp-content\/uploads\/2019\/10\/potenciamos-1.jpg\" alt=\"potenciamos\" itemprop=\"image\" height=\"537\" width=\"826\" title=\"potenciamos\" onerror=\"this.style.display='none'\"  \/>\n\t<ul>\n\t\t<li><h4>PotenciaMOS<\/h4><p>Empoderamiento de mujeres a trav\u00e9s de capacitaci\u00f3n en oficios para lograr emprendimientos sostenibles, fortaleciendo saberes en talleres grupales.<\/p><\/li>\t<\/ul>\n\t\t\t<a href=\"#\" target=\"_self\" role=\"button\" rel=\"noopener\">\n\t\t\t\t\t\t+ INFO\n\t\t<\/a>\n\t\t\t\t<img loading=\"lazy\" src=\"https:\/\/sahdes.org\/wp-content\/uploads\/2019\/09\/HOME2-2.jpg\" alt=\"HOME2\" itemprop=\"image\" height=\"255\" width=\"379\" title=\"HOME2\" onerror=\"this.style.display='none'\"  \/>\n\t<ul>\n\t\t<li><h4>X Pibes Sanos y Nutri2<\/h4><p>Difundir h\u00e1bitos saludables para prevenir enfermedades a trav\u00e9s de talleres en escuelas primarias, jardines de infantes y centros comunitarios.<\/p><\/li>\t<\/ul>\n\t\t\t<a href=\"?page_id=413\" target=\"_self\" role=\"button\" rel=\"noopener\">\n\t\t\t\t\t\t+ INFO\n\t\t<\/a>\n\t\t\t\t<img loading=\"lazy\" src=\"https:\/\/sahdes.org\/wp-content\/uploads\/2019\/09\/home_sexualidad.jpg\" alt=\"home_sexualidad\" itemprop=\"image\" height=\"255\" width=\"379\" title=\"home_sexualidad\" onerror=\"this.style.display='none'\"  \/>\n\t<ul>\n\t\t<li><h4>Hablemos de sexualidad<\/h4><p>Mejorar la calidad de la informaci\u00f3n y la reflexi\u00f3n sobre sexualidad como concepto integral en j\u00f3venes, adolescentes y adultos\/as<\/p><\/li>\t<\/ul>\n\t\t\t<a href=\"#\" target=\"_self\" role=\"button\" rel=\"noopener\">\n\t\t\t\t\t\t+ INFO\n\t\t<\/a>\n\t\t\t\t<img loading=\"lazy\" src=\"https:\/\/sahdes.org\/wp-content\/uploads\/2019\/09\/home_observatorio.jpg\" alt=\"home_observatorio\" itemprop=\"image\" height=\"256\" width=\"380\" title=\"home_observatorio\" onerror=\"this.style.display='none'\"  \/>\n\t<ul>\n\t\t<li><h4>Observatorio de la Econ. Social y Solidario<\/h4><p>Contribuir al desarrollo de las estrategias y experiencias de empresas sociales de salud en Argentina.\u00a0<\/p><\/li>\t<\/ul>\n\t\t\t<a href=\"?page_id=459\" target=\"_self\" role=\"button\" rel=\"noopener\">\n\t\t\t\t\t\t+ INFO\n\t\t<\/a>\n\t<h3>\n\t\t\t\t\tCONTACTO\n\t\t\t\t<\/h3>\n\t\t\t<div class=\"wpforms-container \" id=\"wpforms-5\"><form id=\"wpforms-form-5\" class=\"wpforms-validate wpforms-form\" data-formid=\"5\" method=\"post\" enctype=\"multipart\/form-data\" action=\"\/index.php?rest_route=%2Fwp%2Fv2%2Fpages%2F126\" data-token=\"f35c2d1aaddc59b90215a2ac1f07f8d9\"><noscript class=\"wpforms-error-noscript\">Por favor, activa JavaScript en tu navegador para completar este formulario.<\/noscript><div class=\"wpforms-field-container\"><div id=\"wpforms-5-field_0-container\" class=\"wpforms-field wpforms-field-name\" data-field-id=\"0\"><label class=\"wpforms-field-label wpforms-label-hide\" for=\"wpforms-5-field_0\">Nombre <span class=\"wpforms-required-label\">*<\/span><\/label><input type=\"text\" id=\"wpforms-5-field_0\" class=\"wpforms-field-large wpforms-field-required\" name=\"wpforms[fields][0]\" placeholder=\"Nombre*\" required><\/div><div id=\"wpforms-5-field_1-container\" class=\"wpforms-field wpforms-field-email\" data-field-id=\"1\"><label class=\"wpforms-field-label wpforms-label-hide\" for=\"wpforms-5-field_1\">Email <span class=\"wpforms-required-label\">*<\/span><\/label><input type=\"email\" id=\"wpforms-5-field_1\" class=\"wpforms-field-large wpforms-field-required\" name=\"wpforms[fields][1]\" placeholder=\"Email*\" required><\/div><div id=\"wpforms-5-field_19-container\" class=\"wpforms-field wpforms-field-name\" data-field-id=\"19\"><input type=\"text\" id=\"wpforms-5-field_19\" class=\"wpforms-field-large\" name=\"wpforms[fields][19]\" placeholder=\"Asunto\" ><\/div><div id=\"wpforms-5-field_11-container\" class=\"wpforms-field wpforms-field-textarea\" data-field-id=\"11\"><textarea id=\"wpforms-5-field_11\" class=\"wpforms-field-small\" name=\"wpforms[fields][11]\" placeholder=\"Mensaje\" ><\/textarea><\/div><\/div><div class=\"wpforms-field wpforms-field-hp\"><label for=\"wpforms-5-field-hp\" class=\"wpforms-field-label\">Name<\/label><input type=\"text\" name=\"wpforms[hp]\" id=\"wpforms-5-field-hp\" class=\"wpforms-field-medium\"><\/div><div class=\"wpforms-submit-container\" ><input type=\"hidden\" name=\"wpforms[id]\" value=\"5\"><input type=\"hidden\" name=\"wpforms[author]\" value=\"1\"><button type=\"submit\" name=\"wpforms[submit]\" class=\"wpforms-submit \" id=\"wpforms-submit-5\" value=\"wpforms-submit\" aria-live=\"assertive\" data-alt-text=\"Enviando...\" data-submit-text=\"ENVIAR\">ENVIAR<\/button><\/div><\/form><\/div>  <!-- .wpforms-container -->\t\t\n\t<h4>Nos acompa\u00f1an:<\/h4>\n\t\n\n ","protected":false},"excerpt":{"rendered":"<p>Nuestro foco est\u00e1 en la mejora de la salud materno-infantil Novedades Derecho a la lactancia: ampliamos el servicio de puericultura en la Maternidad de Pilar Ampliamos el servicio de #puericultura en la Maternidad de Pilar con una nueva red de voluntarias. Ahora las recientes mamas tendr\u00e1n asesoramiento en #lactancia desde el momento del parto, de &hellip;<\/p>\n<p class=\"read-more\"> <a class=\"\" href=\"https:\/\/sahdes.org\/\"> <span class=\"screen-reader-text\">Home<\/span> Leer m\u00e1s &raquo;<\/a><\/p>\n","protected":false},"author":1,"featured_media":0,"parent":0,"menu_order":0,"comment_status":"closed","ping_status":"closed","template":"","meta":[],"_links":{"self":[{"href":"https:\/\/sahdes.org\/index.php?rest_route=\/wp\/v2\/pages\/126"}],"collection":[{"href":"https:\/\/sahdes.org\/index.php?rest_route=\/wp\/v2\/pages"}],"about":[{"href":"https:\/\/sahdes.org\/index.php?rest_route=\/wp\/v2\/types\/page"}],"author":[{"embeddable":true,"href":"https:\/\/sahdes.org\/index.php?rest_route=\/wp\/v2\/users\/1"}],"replies":[{"embeddable":true,"href":"https:\/\/sahdes.org\/index.php?rest_route=%2Fwp%2Fv2%2Fcomments&post=126"}],"version-history":[{"count":172,"href":"https:\/\/sahdes.org\/index.php?rest_route=\/wp\/v2\/pages\/126\/revisions"}],"predecessor-version":[{"id":1366,"href":"https:\/\/sahdes.org\/index.php?rest_route=\/wp\/v2\/pages\/126\/revisions\/1366"}],"wp:attachment":[{"href":"https:\/\/sahdes.org\/index.php?rest_route=%2Fwp%2Fv2%2Fmedia&parent=126"}],"curies":[{"name":"wp","href":"https:\/\/api.w.org\/{rel}","templated":true}]}}